{"id":5896,"date":"2020-03-31T07:41:11","date_gmt":"2020-03-31T05:41:11","guid":{"rendered":"https:\/\/diamentplazakatowice.pl\/o-nas\/"},"modified":"2023-04-27T22:15:32","modified_gmt":"2023-04-27T20:15:32","slug":"o-nas","status":"publish","type":"page","link":"https:\/\/diamentplazakatowice.pl\/pl\/o-nas\/","title":{"rendered":"O nas"},"content":{"rendered":"\t\t<div data-elementor-type=\"wp-page\" data-elementor-id=\"5896\" class=\"elementor elementor-5896 elementor-2347\">\n\t\t\t\t\t\t<section class=\"elementor-section elementor-top-section elementor-element elementor-element-55bc024 qodef-elementor-content-grid elementor-section-boxed elementor-section-height-default elementor-section-height-default\" data-id=\"55bc024\" data-element_type=\"section\">\n\t\t\t\t\t\t<div class=\"elementor-container elementor-column-gap-default\">\n\t\t\t\t\t<div class=\"elementor-column elementor-col-100 elementor-top-column elementor-element elementor-element-5abf0b6\" data-id=\"5abf0b6\" data-element_type=\"column\">\n\t\t\t<div class=\"elementor-widget-wrap elementor-element-populated\">\n\t\t\t\t\t\t<div class=\"elementor-element elementor-element-1522463 elementor-widget elementor-widget-alloggio_core_section_title\" data-id=\"1522463\" data-element_type=\"widget\" data-widget_type=\"alloggio_core_section_title.default\">\n\t\t\t\t<div class=\"elementor-widget-container\">\n\t\t\t\t\t<div class=\"qodef-shortcode qodef-m  qodef-section-title qodef-alignment--center\">\n\t\t\t<span class=\"qodef-m-text\" style=\"margin-top: 25px\">HOTELE DIAMENT S.A s\u0105 w\u0142a\u015bcicielem grupy hoteli, kt\u00f3re dzia\u0142aj\u0105 pod jedn\u0105 mark\u0105 - Hotele Diament, i znajduj\u0105 si\u0119 w kluczowych obszarach wojew\u00f3dztwa \u015bl\u0105skiego, takich jak Chorz\u00f3w, Gliwice, Katowice, Siemianowice \u015al\u0105skie, Ustro\u0144, Wroc\u0142aw i Zabrze. Oferuj\u0105 szeroki zakres udogodnie\u0144, w tym kompleksow\u0105 obs\u0142ug\u0119 cateringu oraz nowocze\u015bnie wyposa\u017cone sale konferencyjne.<\/span>\n<\/div>\t\t\t\t<\/div>\n\t\t\t\t<\/div>\n\t\t\t\t\t<\/div>\n\t\t<\/div>\n\t\t\t\t\t<\/div>\n\t\t<\/section>\n\t\t\t\t<section class=\"elementor-section elementor-top-section elementor-element elementor-element-ddacc86 qodef-elementor-content-grid elementor-section-boxed elementor-section-height-default elementor-section-height-default\" data-id=\"ddacc86\" data-element_type=\"section\">\n\t\t\t\t\t\t<div class=\"elementor-container elementor-column-gap-wide\">\n\t\t\t\t\t<div class=\"elementor-column elementor-col-25 elementor-top-column elementor-element elementor-element-97897e8\" data-id=\"97897e8\" data-element_type=\"column\">\n\t\t\t<div class=\"elementor-widget-wrap elementor-element-populated\">\n\t\t\t\t\t\t<div class=\"elementor-element elementor-element-f1c9a40 elementor-widget elementor-widget-qi_addons_for_elementor_counter\" data-id=\"f1c9a40\" data-element_type=\"widget\" data-widget_type=\"qi_addons_for_elementor_counter.default\">\n\t\t\t\t<div class=\"elementor-widget-container\">\n\t\t\t\t\t<div class=\"qodef-shortcode qodef-m qodef-qi-counter qodef-layout--simple\" data-end-digit=\"13\">\n\t<div class=\"qodef-m-digit-wrapper\">\n\t\t<div class=\"qodef-m-digit\"><\/div>\n\t<\/div>\n\t\t<div class=\"qodef-m-content\">\n\t\t\t<h5 class=\"qodef-m-title\">\n\t\tHoteli\t<\/h5>\n\t\t\t<\/div>\n<\/div>\n\t\t\t\t<\/div>\n\t\t\t\t<\/div>\n\t\t\t\t\t<\/div>\n\t\t<\/div>\n\t\t\t\t<div class=\"elementor-column elementor-col-25 elementor-top-column elementor-element elementor-element-cbf53a1\" data-id=\"cbf53a1\" data-element_type=\"column\">\n\t\t\t<div class=\"elementor-widget-wrap elementor-element-populated\">\n\t\t\t\t\t\t<div class=\"elementor-element elementor-element-45d06b7 elementor-widget elementor-widget-qi_addons_for_elementor_counter\" data-id=\"45d06b7\" data-element_type=\"widget\" data-widget_type=\"qi_addons_for_elementor_counter.default\">\n\t\t\t\t<div class=\"elementor-widget-container\">\n\t\t\t\t\t<div class=\"qodef-shortcode qodef-m qodef-qi-counter qodef-layout--simple\" data-end-digit=\"1060\" data-step-digit=\"300\">\n\t<div class=\"qodef-m-digit-wrapper\">\n\t\t<div class=\"qodef-m-digit\"><\/div>\n\t<\/div>\n\t\t<div class=\"qodef-m-content\">\n\t\t\t<h5 class=\"qodef-m-title\">\n\t\tPokoi\t<\/h5>\n\t\t\t<\/div>\n<\/div>\n\t\t\t\t<\/div>\n\t\t\t\t<\/div>\n\t\t\t\t\t<\/div>\n\t\t<\/div>\n\t\t\t\t<div class=\"elementor-column elementor-col-25 elementor-top-column elementor-element elementor-element-7ba2c65\" data-id=\"7ba2c65\" data-element_type=\"column\">\n\t\t\t<div class=\"elementor-widget-wrap elementor-element-populated\">\n\t\t\t\t\t\t<div class=\"elementor-element elementor-element-a4a4833 elementor-widget elementor-widget-qi_addons_for_elementor_counter\" data-id=\"a4a4833\" data-element_type=\"widget\" data-widget_type=\"qi_addons_for_elementor_counter.default\">\n\t\t\t\t<div class=\"elementor-widget-container\">\n\t\t\t\t\t<div class=\"qodef-shortcode qodef-m qodef-qi-counter qodef-layout--simple\" data-end-digit=\"2250\" data-step-digit=\"300\">\n\t<div class=\"qodef-m-digit-wrapper\">\n\t\t<div class=\"qodef-m-digit\"><\/div>\n\t<\/div>\n\t\t<div class=\"qodef-m-content\">\n\t\t\t<h5 class=\"qodef-m-title\">\n\t\tMiejsc noclegowych\t<\/h5>\n\t\t\t<\/div>\n<\/div>\n\t\t\t\t<\/div>\n\t\t\t\t<\/div>\n\t\t\t\t\t<\/div>\n\t\t<\/div>\n\t\t\t\t<div class=\"elementor-column elementor-col-25 elementor-top-column elementor-element elementor-element-c920ae8\" data-id=\"c920ae8\" data-element_type=\"column\">\n\t\t\t<div class=\"elementor-widget-wrap elementor-element-populated\">\n\t\t\t\t\t\t<div class=\"elementor-element elementor-element-a56e08e elementor-widget elementor-widget-qi_addons_for_elementor_counter\" data-id=\"a56e08e\" data-element_type=\"widget\" data-widget_type=\"qi_addons_for_elementor_counter.default\">\n\t\t\t\t<div class=\"elementor-widget-container\">\n\t\t\t\t\t<div class=\"qodef-shortcode qodef-m qodef-qi-counter qodef-layout--simple\" data-end-digit=\"3059\" data-step-digit=\"300\">\n\t<div class=\"qodef-m-digit-wrapper\">\n\t\t<div class=\"qodef-m-digit\"><\/div>\n\t<\/div>\n\t\t<div class=\"qodef-m-content\">\n\t\t\t<h5 class=\"qodef-m-title\">\n\t\tm2 sal konferecyjnych\t<\/h5>\n\t\t\t<\/div>\n<\/div>\n\t\t\t\t<\/div>\n\t\t\t\t<\/div>\n\t\t\t\t\t<\/div>\n\t\t<\/div>\n\t\t\t\t\t<\/div>\n\t\t<\/section>\n\t\t\t\t<section class=\"elementor-section elementor-top-section elementor-element elementor-element-e59721f elementor-section-full_width qodef-elementor-content-grid elementor-section-height-default elementor-section-height-default\" data-id=\"e59721f\" data-element_type=\"section\" data-settings=\"{&quot;background_background&quot;:&quot;classic&quot;}\">\n\t\t\t\t\t\t\t<div class=\"elementor-background-overlay\"><\/div>\n\t\t\t\t\t\t\t<div class=\"elementor-container elementor-column-gap-no\">\n\t\t\t\t\t<div class=\"elementor-column elementor-col-33 elementor-top-column elementor-element elementor-element-bf8a62a\" data-id=\"bf8a62a\" data-element_type=\"column\">\n\t\t\t<div class=\"elementor-widget-wrap elementor-element-populated\">\n\t\t\t\t\t\t<div class=\"elementor-element elementor-element-0b5c94c elementor-widget elementor-widget-alloggio_core_image_with_text\" data-id=\"0b5c94c\" data-element_type=\"widget\" data-widget_type=\"alloggio_core_image_with_text.default\">\n\t\t\t\t<div class=\"elementor-widget-container\">\n\t\t\t\t\t<div class=\"qodef-shortcode qodef-m  qodef-image-with-text qodef-layout--text-below  \">\n\t<div class=\"qodef-m-image\">\n\t\t\t\t\t\t\t\t\t<img decoding=\"async\" width=\"35\" height=\"35\" src=\"https:\/\/diamentplazakatowice.pl\/wp-content\/uploads\/h5-img-02.png\" class=\"qodef-e-main-image\" alt=\"a\" \/>\t\t\t\t\t\t\t\t\t<\/div>\t<div class=\"qodef-m-content\">\n\t\t\t<h4 class=\"qodef-m-title\" style=\"margin-top: 12px\">\n\t\t\t\t\tNajlepszy wyb\u00f3r\t\t\t<\/h4>\n\t\t\t<p class=\"qodef-m-text\" style=\"margin-top: 19px\">Wysokie oceny i pozytywne recenzje od zadowolonych go\u015bci potwierdzaj\u0105, \u017ce Hotele Diament to nie tylko doskona\u0142y wyb\u00f3r dla podr\u00f3\u017cuj\u0105cych, ale tak\u017ce \u015bwietna opcja dla wymagaj\u0105cych klient\u00f3w poszukuj\u0105cych komfortu, luksusu i wyj\u0105tkowego do\u015bwiadczenia.<\/p>\n\t<\/div>\n<\/div>\t\t\t\t<\/div>\n\t\t\t\t<\/div>\n\t\t\t\t\t<\/div>\n\t\t<\/div>\n\t\t\t\t<div class=\"elementor-column elementor-col-33 elementor-top-column elementor-element elementor-element-4a15b42\" data-id=\"4a15b42\" data-element_type=\"column\">\n\t\t\t<div class=\"elementor-widget-wrap elementor-element-populated\">\n\t\t\t\t\t\t<div class=\"elementor-element elementor-element-2ba2895 elementor-widget elementor-widget-alloggio_core_image_with_text\" data-id=\"2ba2895\" data-element_type=\"widget\" data-widget_type=\"alloggio_core_image_with_text.default\">\n\t\t\t\t<div class=\"elementor-widget-container\">\n\t\t\t\t\t<div class=\"qodef-shortcode qodef-m  qodef-image-with-text qodef-layout--text-below  \">\n\t<div class=\"qodef-m-image\">\n\t\t\t\t\t\t\t\t\t<img decoding=\"async\" width=\"35\" height=\"35\" src=\"https:\/\/diamentplazakatowice.pl\/wp-content\/uploads\/h5-img-07.png\" class=\"qodef-e-main-image\" alt=\"a\" \/>\t\t\t\t\t\t\t\t\t<\/div>\t<div class=\"qodef-m-content\">\n\t\t\t<h4 class=\"qodef-m-title\" style=\"margin-top: 12px\">\n\t\t\t\t\tSpecjalne oferty\t\t\t<\/h4>\n\t\t\t<p class=\"qodef-m-text\" style=\"margin-top: 19px\">Z dum\u0105 oferujemy r\u00f3\u017cnorodne oferty specjalne i promocje, kt\u00f3re zosta\u0142y zaprojektowane w celu zapewnienia naszym go\u015bciom najlepszej warto\u015bci oraz sprawienia, \u017ce ich pobyt b\u0119dzie jeszcze bardziej przyjemny. Masz  pewno\u015b\u0107, \u017ce otrzymujesz najlepsze mo\u017cliwe do\u015bwiadczenie w ramach swojego bud\u017cetu.<\/p>\n\t<\/div>\n<\/div>\t\t\t\t<\/div>\n\t\t\t\t<\/div>\n\t\t\t\t\t<\/div>\n\t\t<\/div>\n\t\t\t\t<div class=\"elementor-column elementor-col-33 elementor-top-column elementor-element elementor-element-87c810e\" data-id=\"87c810e\" data-element_type=\"column\">\n\t\t\t<div class=\"elementor-widget-wrap elementor-element-populated\">\n\t\t\t\t\t\t<div class=\"elementor-element elementor-element-68616a9 elementor-widget elementor-widget-alloggio_core_image_with_text\" data-id=\"68616a9\" data-element_type=\"widget\" data-widget_type=\"alloggio_core_image_with_text.default\">\n\t\t\t\t<div class=\"elementor-widget-container\">\n\t\t\t\t\t<div class=\"qodef-shortcode qodef-m  qodef-image-with-text qodef-layout--text-below  \">\n\t<div class=\"qodef-m-image\">\n\t\t\t\t\t\t\t\t\t<img decoding=\"async\" width=\"35\" height=\"35\" src=\"https:\/\/diamentplazakatowice.pl\/wp-content\/uploads\/h5-img-04.png\" class=\"qodef-e-main-image\" alt=\"\" \/>\t\t\t\t\t\t\t\t\t<\/div>\t<div class=\"qodef-m-content\">\n\t\t\t<h4 class=\"qodef-m-title\" style=\"margin-top: 12px\">\n\t\t\t\t\tDoskona\u0142e lokalizacje\t\t\t<\/h4>\n\t\t\t<p class=\"qodef-m-text\" style=\"margin-top: 19px\">Nasze hotele s\u0105 po\u0142o\u017cone w doskona\u0142ych lokalizacjach, co zapewnia \u0142atwy dost\u0119p do najwa\u017cniejszych atrakcji turystycznych i miejsc rozrywki w regionie. Bez wzgl\u0119du na to, czy podr\u00f3\u017cujesz s\u0142u\u017cbowo, czy dla przyjemno\u015bci, nasze hotele stanowi\u0105 idealn\u0105 baz\u0119 wypadow\u0105 do poznania atrakcji po\u0142udniowej Polski.<\/p>\n\t<\/div>\n<\/div>\t\t\t\t<\/div>\n\t\t\t\t<\/div>\n\t\t\t\t\t<\/div>\n\t\t<\/div>\n\t\t\t\t\t<\/div>\n\t\t<\/section>\n\t\t\t\t<section class=\"elementor-section elementor-top-section elementor-element elementor-element-a4172d2 elementor-section-full_width qodef-elementor-content-grid elementor-section-height-default elementor-section-height-default\" data-id=\"a4172d2\" data-element_type=\"section\" data-settings=\"{&quot;background_background&quot;:&quot;classic&quot;}\">\n\t\t\t\t\t\t\t<div class=\"elementor-background-overlay\"><\/div>\n\t\t\t\t\t\t\t<div class=\"elementor-container elementor-column-gap-no\">\n\t\t\t\t\t<div class=\"elementor-column elementor-col-100 elementor-top-column elementor-element elementor-element-2f3c054\" data-id=\"2f3c054\" data-element_type=\"column\">\n\t\t\t<div class=\"elementor-widget-wrap elementor-element-populated\">\n\t\t\t\t\t\t<div class=\"elementor-element elementor-element-c5a8af9 elementor-widget elementor-widget-alloggio_core_section_title\" data-id=\"c5a8af9\" data-element_type=\"widget\" data-widget_type=\"alloggio_core_section_title.default\">\n\t\t\t\t<div class=\"elementor-widget-container\">\n\t\t\t\t\t<div class=\"qodef-shortcode qodef-m  qodef-section-title qodef-alignment--center\">\n\t\t<h2 class=\"qodef-m-title\" >\n\t\t\t\t\tPartnerzy\t\t\t<\/h2>\n\t<\/div>\t\t\t\t<\/div>\n\t\t\t\t<\/div>\n\t\t\t\t<div class=\"elementor-element elementor-element-dab35ee elementor-widget elementor-widget-alloggio_core_clients_list\" data-id=\"dab35ee\" data-element_type=\"widget\" data-widget_type=\"alloggio_core_clients_list.default\">\n\t\t\t\t<div class=\"elementor-widget-container\">\n\t\t\t\t\t<div class=\"qodef-shortcode qodef-m  qodef-clients-list qodef-grid qodef-swiper-container  qodef-gutter--medium qodef-col-num--3 qodef-item-layout--image-only qodef-responsive--predefined qodef-hover-animation--fade-in\" data-options=\"{&quot;slidesPerView&quot;:&quot;3&quot;,&quot;spaceBetween&quot;:20,&quot;loop&quot;:true,&quot;autoplay&quot;:true,&quot;speed&quot;:&quot;&quot;,&quot;speedAnimation&quot;:&quot;&quot;,&quot;slideAnimation&quot;:&quot;&quot;}\">\n\t<div class=\"swiper-wrapper\">\n\t\t<span class=\"qodef-e swiper-slide\">\n\t<span class=\"qodef-e-inner\">\n\t\t\t<span class=\"qodef-e-image\">\n\t\t\t\t\t<a itemprop=\"url\" href=\"https:\/\/www.legendia.pl\/\" target=\"_blank\">\n\t\t\t\t\t\t\t<span class=\"qodef-e-logo\">\n\t\t\t\t<img loading=\"lazy\" decoding=\"async\" width=\"300\" height=\"251\" src=\"https:\/\/diamentplazakatowice.pl\/wp-content\/uploads\/partners-legendia.jpg\" class=\"attachment-full size-full\" alt=\"Partners - Legendia\" \/>\t\t\t<\/span>\n\t\t\t\t\t\t\t<span class=\"qodef-e-hover-logo\">\n\t\t\t\t<img loading=\"lazy\" decoding=\"async\" width=\"300\" height=\"251\" src=\"https:\/\/diamentplazakatowice.pl\/wp-content\/uploads\/partners-legendia-1.jpg\" class=\"attachment-full size-full\" alt=\"Partners - Legendia\" \/>\t\t\t<\/span>\n\t\t\t\t\t\t\t<\/a>\n\t\t\t<\/span>\n\t<\/span>\n<\/span><span class=\"qodef-e swiper-slide\">\n\t<span class=\"qodef-e-inner\">\n\t\t\t<span class=\"qodef-e-image\">\n\t\t\t\t\t<a itemprop=\"url\" href=\"https:\/\/piast.gliwice.pl\/\" target=\"_blank\">\n\t\t\t\t\t\t\t<span class=\"qodef-e-logo\">\n\t\t\t\t<img loading=\"lazy\" decoding=\"async\" width=\"300\" height=\"251\" src=\"https:\/\/diamentplazakatowice.pl\/wp-content\/uploads\/partners-piast-gliwice.jpg\" class=\"attachment-full size-full\" alt=\"Partners - Piast Gliwice\" \/>\t\t\t<\/span>\n\t\t\t\t\t\t\t<span class=\"qodef-e-hover-logo\">\n\t\t\t\t<img loading=\"lazy\" decoding=\"async\" width=\"300\" height=\"251\" src=\"https:\/\/diamentplazakatowice.pl\/wp-content\/uploads\/partners-piast-gliwice-1.jpg\" class=\"attachment-full size-full\" alt=\"Partners - Piast Gliwice\" \/>\t\t\t<\/span>\n\t\t\t\t\t\t\t<\/a>\n\t\t\t<\/span>\n\t<\/span>\n<\/span><span class=\"qodef-e swiper-slide\">\n\t<span class=\"qodef-e-inner\">\n\t\t\t<span class=\"qodef-e-image\">\n\t\t\t\t\t<a itemprop=\"url\" href=\"https:\/\/fundacjaiskierka.pl\/\" target=\"_blank\">\n\t\t\t\t\t\t\t<span class=\"qodef-e-logo\">\n\t\t\t\t<img loading=\"lazy\" decoding=\"async\" width=\"300\" height=\"251\" src=\"https:\/\/diamentplazakatowice.pl\/wp-content\/uploads\/partners-iskierka.jpg\" class=\"attachment-full size-full\" alt=\"Partners - Iskierka\" \/>\t\t\t<\/span>\n\t\t\t\t\t\t\t<span class=\"qodef-e-hover-logo\">\n\t\t\t\t<img loading=\"lazy\" decoding=\"async\" width=\"300\" height=\"251\" src=\"https:\/\/diamentplazakatowice.pl\/wp-content\/uploads\/partners-iskierka-1.jpg\" class=\"attachment-full size-full\" alt=\"Partners - Iskierka\" \/>\t\t\t<\/span>\n\t\t\t\t\t\t\t<\/a>\n\t\t\t<\/span>\n\t<\/span>\n<\/span><span class=\"qodef-e swiper-slide\">\n\t<span class=\"qodef-e-inner\">\n\t\t\t<span class=\"qodef-e-image\">\n\t\t\t\t\t<a itemprop=\"url\" href=\"https:\/\/arenagliwice.com\/\" target=\"_blank\">\n\t\t\t\t\t\t\t<span class=\"qodef-e-logo\">\n\t\t\t\t<img loading=\"lazy\" decoding=\"async\" width=\"300\" height=\"251\" src=\"https:\/\/diamentplazakatowice.pl\/wp-content\/uploads\/partners-arena-gliwice.jpg\" class=\"attachment-full size-full\" alt=\"Partners - Arena Gliwice\" \/>\t\t\t<\/span>\n\t\t\t\t\t\t\t<span class=\"qodef-e-hover-logo\">\n\t\t\t\t<img loading=\"lazy\" decoding=\"async\" width=\"300\" height=\"251\" src=\"https:\/\/diamentplazakatowice.pl\/wp-content\/uploads\/partners-arena-gliwice-1.jpg\" class=\"attachment-full size-full\" alt=\"Partners - Arena Gliwice\" \/>\t\t\t<\/span>\n\t\t\t\t\t\t\t<\/a>\n\t\t\t<\/span>\n\t<\/span>\n<\/span><span class=\"qodef-e swiper-slide\">\n\t<span class=\"qodef-e-inner\">\n\t\t\t<span class=\"qodef-e-image\">\n\t\t\t\t\t<a itemprop=\"url\" href=\"https:\/\/shausha.pl\/\" target=\"_blank\">\n\t\t\t\t\t\t\t<span class=\"qodef-e-logo\">\n\t\t\t\t<img loading=\"lazy\" decoding=\"async\" width=\"300\" height=\"251\" src=\"https:\/\/diamentplazakatowice.pl\/wp-content\/uploads\/partners-shausha.jpg\" class=\"attachment-full size-full\" alt=\"Partners - Shausha\" \/>\t\t\t<\/span>\n\t\t\t\t\t\t\t<span class=\"qodef-e-hover-logo\">\n\t\t\t\t<img loading=\"lazy\" decoding=\"async\" width=\"300\" height=\"251\" src=\"https:\/\/diamentplazakatowice.pl\/wp-content\/uploads\/partners-shausha-1.jpg\" class=\"attachment-full size-full\" alt=\"Partners - Shausha\" \/>\t\t\t<\/span>\n\t\t\t\t\t\t\t<\/a>\n\t\t\t<\/span>\n\t<\/span>\n<\/span><span class=\"qodef-e swiper-slide\">\n\t<span class=\"qodef-e-inner\">\n\t\t\t<span class=\"qodef-e-image\">\n\t\t\t\t\t<a itemprop=\"url\" href=\"https:\/\/silesiatrip.pl\/\" target=\"_blank\">\n\t\t\t\t\t\t\t<span class=\"qodef-e-logo\">\n\t\t\t\t<img loading=\"lazy\" decoding=\"async\" width=\"300\" height=\"251\" src=\"https:\/\/diamentplazakatowice.pl\/wp-content\/uploads\/partners-silesiatrip.jpg\" class=\"attachment-full size-full\" alt=\"Partners - Silsesiatrip.pl\" \/>\t\t\t<\/span>\n\t\t\t\t\t\t\t<span class=\"qodef-e-hover-logo\">\n\t\t\t\t<img loading=\"lazy\" decoding=\"async\" width=\"300\" height=\"251\" src=\"https:\/\/diamentplazakatowice.pl\/wp-content\/uploads\/partners-silesiatrip-1.jpg\" class=\"attachment-full size-full\" alt=\"Partners - Silsesiatrip.pl\" \/>\t\t\t<\/span>\n\t\t\t\t\t\t\t<\/a>\n\t\t\t<\/span>\n\t<\/span>\n<\/span><span class=\"qodef-e swiper-slide\">\n\t<span class=\"qodef-e-inner\">\n\t\t\t<span class=\"qodef-e-image\">\n\t\t\t\t\t<a itemprop=\"url\" href=\"https:\/\/www.winkolekcja.pl\/\" target=\"_blank\">\n\t\t\t\t\t\t\t<span class=\"qodef-e-logo\">\n\t\t\t\t<img loading=\"lazy\" decoding=\"async\" width=\"300\" height=\"251\" src=\"https:\/\/diamentplazakatowice.pl\/wp-content\/uploads\/partners-winkolekcja.jpg\" class=\"attachment-full size-full\" alt=\"Partners - Winkolekcja\" \/>\t\t\t<\/span>\n\t\t\t\t\t\t\t<span class=\"qodef-e-hover-logo\">\n\t\t\t\t<img loading=\"lazy\" decoding=\"async\" width=\"300\" height=\"251\" src=\"https:\/\/diamentplazakatowice.pl\/wp-content\/uploads\/partners-winkolekcja-1.jpg\" class=\"attachment-full size-full\" alt=\"Partners - Winkolekcja\" \/>\t\t\t<\/span>\n\t\t\t\t\t\t\t<\/a>\n\t\t\t<\/span>\n\t<\/span>\n<\/span>\t<\/div>\n\t<div class=\"swiper-button-next \"><svg xmlns=\"http:\/\/www.w3.org\/2000\/svg\" xmlns:xlink=\"http:\/\/www.w3.org\/1999\/xlink\" x=\"0px\" y=\"0px\" viewBox=\"0 0 26 50.9\" xml:space=\"preserve\"><polyline points=\"0.4,50.6 25.3,25.5 0.4,0.4 \"\/><\/svg><\/div>\n<div class=\"swiper-button-prev \"><svg xmlns=\"http:\/\/www.w3.org\/2000\/svg\" xmlns:xlink=\"http:\/\/www.w3.org\/1999\/xlink\" x=\"0px\" y=\"0px\" viewBox=\"0 0 26 50.9\" xml:space=\"preserve\"><polyline points=\"25.6,0.4 0.7,25.5 25.6,50.6 \"\/><\/svg><\/div>\t<div class=\"swiper-pagination\"><\/div><\/div>\t\t\t\t<\/div>\n\t\t\t\t<\/div>\n\t\t\t\t\t<\/div>\n\t\t<\/div>\n\t\t\t\t\t<\/div>\n\t\t<\/section>\n\t\t\t\t<\/div>\n\t\t","protected":false},"excerpt":{"rendered":"<p>HOTELE DIAMENT S.A s\u0105 w\u0142a\u015bcicielem grupy hoteli, kt\u00f3re dzia\u0142aj\u0105 pod jedn\u0105 mark\u0105 &#8211; Hotele Diament, i znajduj\u0105 si\u0119 w kluczowych obszarach wojew\u00f3dztwa \u015bl\u0105skiego, takich jak Chorz\u00f3w, Gliwice, Katowice, Siemianowice \u015al\u0105skie, Ustro\u0144, Wroc\u0142aw i Zabrze. Oferuj\u0105 szeroki zakres udogodnie\u0144, w tym kompleksow\u0105 obs\u0142ug\u0119 cateringu oraz nowocze\u015bnie wyposa\u017cone sale konferencyjne. Hoteli Pokoi Miejsc noclegowych m2 sal konferecyjnych [&hellip;]<\/p>\n","protected":false},"author":5,"featured_media":0,"parent":0,"menu_order":0,"comment_status":"closed","ping_status":"closed","template":"page-full-width.php","meta":{"_acf_changed":false,"footnotes":""},"class_list":["post-5896","page","type-page","status-publish","hentry"],"acf":[],"_links":{"self":[{"href":"https:\/\/diamentplazakatowice.pl\/pl\/wp-json\/wp\/v2\/pages\/5896","targetHints":{"allow":["GET"]}}],"collection":[{"href":"https:\/\/diamentplazakatowice.pl\/pl\/wp-json\/wp\/v2\/pages"}],"about":[{"href":"https:\/\/diamentplazakatowice.pl\/pl\/wp-json\/wp\/v2\/types\/page"}],"author":[{"embeddable":true,"href":"https:\/\/diamentplazakatowice.pl\/pl\/wp-json\/wp\/v2\/users\/5"}],"replies":[{"embeddable":true,"href":"https:\/\/diamentplazakatowice.pl\/pl\/wp-json\/wp\/v2\/comments?post=5896"}],"version-history":[{"count":26,"href":"https:\/\/diamentplazakatowice.pl\/pl\/wp-json\/wp\/v2\/pages\/5896\/revisions"}],"predecessor-version":[{"id":6240,"href":"https:\/\/diamentplazakatowice.pl\/pl\/wp-json\/wp\/v2\/pages\/5896\/revisions\/6240"}],"wp:attachment":[{"href":"https:\/\/diamentplazakatowice.pl\/pl\/wp-json\/wp\/v2\/media?parent=5896"}],"curies":[{"name":"wp","href":"https:\/\/api.w.org\/{rel}","templated":true}]}}