{"id":5957,"date":"2020-03-31T13:25:00","date_gmt":"2020-03-31T11:25:00","guid":{"rendered":"https:\/\/diamentplazakatowice.pl\/contact\/"},"modified":"2023-03-09T11:36:30","modified_gmt":"2023-03-09T10:36:30","slug":"kontakt","status":"publish","type":"page","link":"https:\/\/diamentplazakatowice.pl\/pl\/kontakt\/","title":{"rendered":"Kontakt"},"content":{"rendered":"\t\t<div data-elementor-type=\"wp-page\" data-elementor-id=\"5957\" class=\"elementor elementor-5957 elementor-2531\">\n\t\t\t\t\t\t<section class=\"elementor-section elementor-top-section elementor-element elementor-element-a57938e elementor-section-full_width elementor-section-height-default elementor-section-height-default qodef-elementor-content-no\" data-id=\"a57938e\" data-element_type=\"section\">\n\t\t\t\t\t\t<div class=\"elementor-container elementor-column-gap-default\">\n\t\t\t\t\t<div class=\"elementor-column elementor-col-100 elementor-top-column elementor-element elementor-element-65954e2\" data-id=\"65954e2\" data-element_type=\"column\">\n\t\t\t<div class=\"elementor-widget-wrap elementor-element-populated\">\n\t\t\t\t\t\t<div class=\"elementor-element elementor-element-532fe70 elementor-widget elementor-widget-alloggio_core_google_map\" data-id=\"532fe70\" data-element_type=\"widget\" data-widget_type=\"alloggio_core_google_map.default\">\n\t\t\t\t<div class=\"elementor-widget-container\">\n\t\t\t\t\t<div class=\"qodef-shortcode qodef-m  qodef-google-map\">\n\t<div class=\"qodef-m-map\" id=\"qodef-map-id--1\" data-addresses='[\"Katowice, ul. Dworcowa 9, Polska\"]' data-pin=https:\/\/diamentplazakatowice.pl\/wp-content\/plugins\/alloggio-core\/inc\/maps\/assets\/img\/pin.png data-unique-id=1 data-height=450><\/div>\n<\/div>\t\t\t\t<\/div>\n\t\t\t\t<\/div>\n\t\t\t\t\t<\/div>\n\t\t<\/div>\n\t\t\t\t\t<\/div>\n\t\t<\/section>\n\t\t\t\t<section class=\"elementor-section elementor-top-section elementor-element elementor-element-f9a6ca3 elementor-section-boxed elementor-section-height-default elementor-section-height-default qodef-elementor-content-no\" data-id=\"f9a6ca3\" data-element_type=\"section\">\n\t\t\t\t\t\t<div class=\"elementor-container elementor-column-gap-default\">\n\t\t\t\t\t<div class=\"elementor-column elementor-col-100 elementor-top-column elementor-element elementor-element-1b2ae44\" data-id=\"1b2ae44\" data-element_type=\"column\">\n\t\t\t<div class=\"elementor-widget-wrap elementor-element-populated\">\n\t\t\t\t\t\t<div class=\"elementor-element elementor-element-bd8bc32 elementor-widget elementor-widget-alloggio_core_section_title\" data-id=\"bd8bc32\" data-element_type=\"widget\" data-widget_type=\"alloggio_core_section_title.default\">\n\t\t\t\t<div class=\"elementor-widget-container\">\n\t\t\t\t\t<div class=\"qodef-shortcode qodef-m  qodef-section-title qodef-alignment--center\">\n\t\t<h2 class=\"qodef-m-title\" >\n\t\t\t\t\tKatowice\t\t\t<\/h2>\n\t\t<span class=\"qodef-m-text\" >Hotel Diament Plaza Katowice to komfortowy hotel po\u0142o\u017cony w centrum stolicy \u015al\u0105ska, w bezpo\u015brednim s\u0105siedztwie rynku, dworca PKP, Spodka oraz innych atrakcji turystycznych Katowic. Doskona\u0142a lokalizacja hotelu pozwala na \u0142atwy dojazd do wszystkich cz\u0119\u015bci miasta. Hotel zawdzi\u0119cza sw\u00f3j niepowtarzalny urok zabytkowej architekturze po\u0142\u0105czonej z komfortowymi wn\u0119trzami.<\/span>\n<\/div>\t\t\t\t<\/div>\n\t\t\t\t<\/div>\n\t\t\t\t\t<\/div>\n\t\t<\/div>\n\t\t\t\t\t<\/div>\n\t\t<\/section>\n\t\t\t\t<section class=\"elementor-section elementor-top-section elementor-element elementor-element-c9042e3 elementor-section-full_width qodef-elementor-content-grid elementor-section-height-default elementor-section-height-default\" data-id=\"c9042e3\" data-element_type=\"section\">\n\t\t\t\t\t\t<div class=\"elementor-container elementor-column-gap-no\">\n\t\t\t\t\t<div class=\"elementor-column elementor-col-50 elementor-top-column elementor-element elementor-element-cc5b1cc\" data-id=\"cc5b1cc\" data-element_type=\"column\" data-settings=\"{&quot;background_background&quot;:&quot;classic&quot;}\">\n\t\t\t<div class=\"elementor-widget-wrap elementor-element-populated\">\n\t\t\t\t\t\t<div class=\"elementor-element elementor-element-8f268a7 elementor-widget elementor-widget-text-editor\" data-id=\"8f268a7\" data-element_type=\"widget\" data-widget_type=\"text-editor.default\">\n\t\t\t\t<div class=\"elementor-widget-container\">\n\t\t\t\t\t\t\t\t\t<h4>Hotel Diament Plaza Katowice<\/h4>\n\t\t\t\t\t\t\t\t<\/div>\n\t\t\t\t<\/div>\n\t\t\t\t<div class=\"elementor-element elementor-element-d48a068 elementor-widget elementor-widget-text-editor\" data-id=\"d48a068\" data-element_type=\"widget\" data-widget_type=\"text-editor.default\">\n\t\t\t\t<div class=\"elementor-widget-container\">\n\t\t\t\t\t\t\t\t\t<span class=\"qodef-icon-font-awesome fa fa-fw fa-map-marked-alt qodef-icon qodef-e\"><\/span> <a href=\"https:\/\/www.google.com\/maps\/place\/Hotel+Diament+Plaza+Katowice\/@50.258372,19.0227975,16.74z\/data=!4m8!3m7!1s0x0:0x5a052e293c70fc8a!5m2!4m1!1i2!8m2!3d50.2577342!4d19.0221472\" target=\"blank\" rel=\"noopener\">Dworcowa 9-11, Katowice<\/a><br>\n<span class=\"qodef-icon-font-awesome fa fa-fw fa-map-marker-alt qodef-icon qodef-e\"><\/span><a href=\"https:\/\/www.google.com\/maps\/search\/?api=1&amp;query=50.257858,%2019.022232\" target=\"blank\" rel=\"noopener\">50.257858, 19.022232<\/a><br>\n<span class=\"qodef-icon-font-awesome fa fa-fw fa-mobile qodef-icon qodef-e\"><\/span> <a href=\"tel:0048327467000\">+48 32 746 70 00<\/a><br>\n<span class=\"qodef-icon-font-awesome fa fa-fw fa-fax qodef-icon qodef-e\"><\/span> <a href=\"tel:0048327467000\">+48 32 746 70 00<\/a><br>\n<span class=\"qodef-icon-font-awesome fa fa-fw fa-mail-bulk qodef-icon qodef-e\"><\/span> <a href=\"mailto:katowice@hotelediament.pl\">katowice@hotelediament.pl<\/a>\t\t\t\t\t\t\t\t<\/div>\n\t\t\t\t<\/div>\n\t\t\t\t\t<\/div>\n\t\t<\/div>\n\t\t\t\t<div class=\"elementor-column elementor-col-50 elementor-top-column elementor-element elementor-element-7ca5e6f\" data-id=\"7ca5e6f\" data-element_type=\"column\">\n\t\t\t<div class=\"elementor-widget-wrap elementor-element-populated\">\n\t\t\t\t\t\t<div class=\"elementor-element elementor-element-f52185c elementor-widget elementor-widget-text-editor\" data-id=\"f52185c\" data-element_type=\"widget\" data-widget_type=\"text-editor.default\">\n\t\t\t\t<div class=\"elementor-widget-container\">\n\t\t\t\t\t\t\t\t\t<h4>Jak mo\u017cemy Ci pom\u00f3c?<\/h4>\n\t\t\t\t\t\t\t\t<\/div>\n\t\t\t\t<\/div>\n\t\t\t\t<div class=\"elementor-element elementor-element-694fb05 elementor-widget elementor-widget-wp-widget-alloggio_core_contact_form_7\" data-id=\"694fb05\" data-element_type=\"widget\" data-widget_type=\"wp-widget-alloggio_core_contact_form_7.default\">\n\t\t\t\t<div class=\"elementor-widget-container\">\n\t\t\t\t\t\t\t\t<div class=\"qodef-contact-form-7\">\n\t\t\t\t\n<div class=\"wpcf7 no-js\" id=\"wpcf7-f5968-o1\" lang=\"pl-PL\" dir=\"ltr\" data-wpcf7-id=\"5968\">\n<div class=\"screen-reader-response\"><p role=\"status\" aria-live=\"polite\" aria-atomic=\"true\"><\/p> <ul><\/ul><\/div>\n<form action=\"\/pl\/wp-json\/wp\/v2\/pages\/5957#wpcf7-f5968-o1\" method=\"post\" class=\"wpcf7-form init\" aria-label=\"Formularz kontaktowy\" novalidate=\"novalidate\" data-status=\"init\">\n<fieldset class=\"hidden-fields-container\"><input type=\"hidden\" name=\"_wpcf7\" value=\"5968\" \/><input type=\"hidden\" name=\"_wpcf7_version\" value=\"6.1.4\" \/><input type=\"hidden\" name=\"_wpcf7_locale\" value=\"pl_PL\" \/><input type=\"hidden\" name=\"_wpcf7_unit_tag\" value=\"wpcf7-f5968-o1\" \/><input type=\"hidden\" name=\"_wpcf7_container_post\" value=\"0\" \/><input type=\"hidden\" name=\"_wpcf7_posted_data_hash\" value=\"\" \/>\n<\/fieldset>\n<div class=\"qodef-grid qodef-gutter--small\"><div class=\"qodef-grid-inner\"><div class=\"qodef-grid-item\">\n<label> Imi\u0119\n    <span class=\"wpcf7-form-control-wrap\" data-name=\"your-name\"><input size=\"40\" maxlength=\"400\" class=\"wpcf7-form-control wpcf7-text wpcf7-validates-as-required\" aria-required=\"true\" aria-invalid=\"false\" value=\"\" type=\"text\" name=\"your-name\" \/><\/span> <\/label>\n<\/div><\/div><\/div>\n<div class=\"qodef-grid qodef-gutter--small\"><div class=\"qodef-grid-inner\"><div class=\"qodef-grid-item\">\n<label> Adres e-mail\n    <span class=\"wpcf7-form-control-wrap\" data-name=\"your-email\"><input size=\"40\" maxlength=\"400\" class=\"wpcf7-form-control wpcf7-email wpcf7-validates-as-required wpcf7-text wpcf7-validates-as-email\" aria-required=\"true\" aria-invalid=\"false\" value=\"\" type=\"email\" name=\"your-email\" \/><\/span> <\/label>\n<\/div><\/div><\/div>\n<div class=\"qodef-grid qodef-gutter--normal\"><div class=\"qodef-grid-inner\"><div class=\"qodef-grid-item\">\n<label> Wiadomo\u015b\u0107\n    <span class=\"wpcf7-form-control-wrap\" data-name=\"your-message\"><textarea cols=\"40\" rows=\"6\" maxlength=\"2000\" class=\"wpcf7-form-control wpcf7-textarea\" aria-invalid=\"false\" name=\"your-message\"><\/textarea><\/span> <\/label>\n<\/div><\/div><\/div>\n\n<button class=\"wpcf7-form-control wpcf7-submit qodef-button qodef-size--normal qodef-type--outlined qodef-m\" type=\"submit\"><span class=\"qodef-m-text\">Wy\u015blij<\/span><\/button><div class=\"wpcf7-response-output\" aria-hidden=\"true\"><\/div>\n<\/form>\n<\/div>\n\t\t\t<\/div>\n\t\t\t\t\t\t\t<\/div>\n\t\t\t\t<\/div>\n\t\t\t\t\t<\/div>\n\t\t<\/div>\n\t\t\t\t\t<\/div>\n\t\t<\/section>\n\t\t\t\t<\/div>\n\t\t","protected":false},"excerpt":{"rendered":"<p>Katowice Hotel Diament Plaza Katowice to komfortowy hotel po\u0142o\u017cony w centrum stolicy \u015al\u0105ska, w bezpo\u015brednim s\u0105siedztwie rynku, dworca PKP, Spodka oraz innych atrakcji turystycznych Katowic. Doskona\u0142a lokalizacja hotelu pozwala na \u0142atwy dojazd do wszystkich cz\u0119\u015bci miasta. Hotel zawdzi\u0119cza sw\u00f3j niepowtarzalny urok zabytkowej architekturze po\u0142\u0105czonej z komfortowymi wn\u0119trzami. Hotel Diament Plaza Katowice Dworcowa 9-11, Katowice 50.257858, [&hellip;]<\/p>\n","protected":false},"author":5,"featured_media":0,"parent":0,"menu_order":0,"comment_status":"closed","ping_status":"closed","template":"page-full-width.php","meta":{"_acf_changed":false,"footnotes":""},"class_list":["post-5957","page","type-page","status-publish","hentry"],"acf":[],"_links":{"self":[{"href":"https:\/\/diamentplazakatowice.pl\/pl\/wp-json\/wp\/v2\/pages\/5957","targetHints":{"allow":["GET"]}}],"collection":[{"href":"https:\/\/diamentplazakatowice.pl\/pl\/wp-json\/wp\/v2\/pages"}],"about":[{"href":"https:\/\/diamentplazakatowice.pl\/pl\/wp-json\/wp\/v2\/types\/page"}],"author":[{"embeddable":true,"href":"https:\/\/diamentplazakatowice.pl\/pl\/wp-json\/wp\/v2\/users\/5"}],"replies":[{"embeddable":true,"href":"https:\/\/diamentplazakatowice.pl\/pl\/wp-json\/wp\/v2\/comments?post=5957"}],"version-history":[{"count":11,"href":"https:\/\/diamentplazakatowice.pl\/pl\/wp-json\/wp\/v2\/pages\/5957\/revisions"}],"predecessor-version":[{"id":5971,"href":"https:\/\/diamentplazakatowice.pl\/pl\/wp-json\/wp\/v2\/pages\/5957\/revisions\/5971"}],"wp:attachment":[{"href":"https:\/\/diamentplazakatowice.pl\/pl\/wp-json\/wp\/v2\/media?parent=5957"}],"curies":[{"name":"wp","href":"https:\/\/api.w.org\/{rel}","templated":true}]}}