{"id":5972,"date":"2020-04-01T10:05:27","date_gmt":"2020-04-01T08:05:27","guid":{"rendered":"https:\/\/diamentplazakatowice.pl\/local-activities\/"},"modified":"2023-03-20T22:43:45","modified_gmt":"2023-03-20T21:43:45","slug":"atrakcje-w-okolicy","status":"publish","type":"page","link":"https:\/\/diamentplazakatowice.pl\/pl\/atrakcje-w-okolicy\/","title":{"rendered":"Atrakcje w okolicy"},"content":{"rendered":"\t\t<div data-elementor-type=\"wp-page\" data-elementor-id=\"5972\" class=\"elementor elementor-5972 elementor-2712\">\n\t\t\t\t\t\t<section class=\"elementor-section elementor-top-section elementor-element elementor-element-89d494d elementor-section-full_width qodef-elementor-content-grid elementor-section-height-default elementor-section-height-default\" data-id=\"89d494d\" data-element_type=\"section\">\n\t\t\t\t\t\t<div class=\"elementor-container elementor-column-gap-no\">\n\t\t\t\t\t<div class=\"elementor-column elementor-col-100 elementor-top-column elementor-element elementor-element-8b609be\" data-id=\"8b609be\" data-element_type=\"column\">\n\t\t\t<div class=\"elementor-widget-wrap elementor-element-populated\">\n\t\t\t\t\t\t<div class=\"elementor-element elementor-element-2a1d42e elementor-widget elementor-widget-alloggio_core_section_title\" data-id=\"2a1d42e\" data-element_type=\"widget\" data-widget_type=\"alloggio_core_section_title.default\">\n\t\t\t\t<div class=\"elementor-widget-container\">\n\t\t\t\t\t<div class=\"qodef-shortcode qodef-m  qodef-section-title qodef-alignment--center\">\n\t\t\t<span class=\"qodef-m-text\" >Po\u0142udniowa cz\u0119\u015b\u0107 \u015br\u00f3dmie\u015bcia Katowic nazywana jest \u201ePolskim Chicago\u201d. Alias jak najbardziej uzasadniony, poniewa\u017c najwi\u0119kszy rozw\u00f3j i rozkwit 150 letnich Katowic przypada na okres depresji gospodarczej lat 20-tych. Postawiono w\u00f3wczas na rozwi\u0105zania ekonomiczne i funkcjonalne w zakresie architektury miejskiej, podobnie jak mia\u0142o to miejsce w Wietrznym Mie\u015bcie.<\/span>\n<\/div>\t\t\t\t<\/div>\n\t\t\t\t<\/div>\n\t\t\t\t<div class=\"elementor-element elementor-element-904adaf elementor-widget elementor-widget-alloggio_core_section_title\" data-id=\"904adaf\" data-element_type=\"widget\" data-widget_type=\"alloggio_core_section_title.default\">\n\t\t\t\t<div class=\"elementor-widget-container\">\n\t\t\t\t\t<div class=\"qodef-shortcode qodef-m  qodef-section-title qodef-alignment--center\">\n\t\t\t<span class=\"qodef-m-text\" >\n\nW tym okresie w stolicy G\u00f3rnego \u015al\u0105ska powsta\u0142y drapacze chmur (pierwsze w Polsce) o stalowych konstrukcjach z obszernymi przeszkleniami. W budynkach z tamtego okresu widoczne s\u0105 modernistyczne koncepcje Le Corbusiera: kamienice z podziemnymi gara\u017cami, ogrodami na dachach, poziomymi oknami, windami, basenami oraz przestrzennymi tarasami.<\/span>\n<\/div>\t\t\t\t<\/div>\n\t\t\t\t<\/div>\n\t\t\t\t\t<\/div>\n\t\t<\/div>\n\t\t\t\t\t<\/div>\n\t\t<\/section>\n\t\t\t\t<section class=\"elementor-section elementor-top-section elementor-element elementor-element-a9bcd75 elementor-section-full_width qodef-elementor-content-grid elementor-section-height-default elementor-section-height-default\" data-id=\"a9bcd75\" data-element_type=\"section\">\n\t\t\t\t\t\t<div class=\"elementor-container elementor-column-gap-no\">\n\t\t\t\t\t<div class=\"elementor-column elementor-col-33 elementor-top-column elementor-element elementor-element-2fd5d8f\" data-id=\"2fd5d8f\" data-element_type=\"column\">\n\t\t\t<div class=\"elementor-widget-wrap elementor-element-populated\">\n\t\t\t\t\t\t<div class=\"elementor-element elementor-element-d735bb5 elementor-widget elementor-widget-alloggio_core_image_with_text\" data-id=\"d735bb5\" data-element_type=\"widget\" data-widget_type=\"alloggio_core_image_with_text.default\">\n\t\t\t\t<div class=\"elementor-widget-container\">\n\t\t\t\t\t<div class=\"qodef-shortcode qodef-m  qodef-image-with-text qodef-layout--text-below  \">\n\t<div class=\"qodef-m-image\">\n\t\t\t\t\t\t\t\t\t<img fetchpriority=\"high\" decoding=\"async\" width=\"500\" height=\"456\" src=\"https:\/\/diamentplazakatowice.pl\/wp-content\/uploads\/local-activities-1.jpg\" class=\"qodef-e-main-image\" alt=\"Stara stacja kolejowa w Katowicach\" srcset=\"https:\/\/diamentplazakatowice.pl\/wp-content\/uploads\/local-activities-1.jpg 500w, https:\/\/diamentplazakatowice.pl\/wp-content\/uploads\/local-activities-1-300x274.jpg 300w\" sizes=\"(max-width: 500px) 100vw, 500px\" \/>\t\t\t\t\t\t\t\t\t<\/div>\t<div class=\"qodef-m-content\">\n\t\t\t<h3 class=\"qodef-m-title\" style=\"margin-top: 20px\">\n\t\t\t\t\tStara stacja kolejowa\t\t\t<\/h3>\n\t\t\t<p class=\"qodef-m-text\" >Tu\u017c po wyj\u015bciu z lobby Hotelu Plaza Katowice rozpo\u015bciera si\u0119 widok na niski, pod\u0142u\u017cny budynek dawnego dworca kolejowego.\nOd po\u0142owy XIX wieku a\u017c do 1972 roku obs\u0142ugiwa\u0142 podr\u00f3\u017cnych, dzi\u015b jest w\u0142asno\u015bci\u0105 prywatn\u0105. Obecnej neoklasycystycznej formy budynek nabra\u0142 w pocz\u0105tkach XX wieku, po kolejnej gruntownej przebudowie. Bry\u0142a g\u0142\u00f3wnego budynku poczekalni ma wiele cech wsp\u00f3lnych z budynkiem Starego Dworca g\u0142\u00f3wnego w Seulu.<\/p>\n\t<\/div>\n<\/div>\t\t\t\t<\/div>\n\t\t\t\t<\/div>\n\t\t\t\t\t<\/div>\n\t\t<\/div>\n\t\t\t\t<div class=\"elementor-column elementor-col-33 elementor-top-column elementor-element elementor-element-7bb917f\" data-id=\"7bb917f\" data-element_type=\"column\">\n\t\t\t<div class=\"elementor-widget-wrap elementor-element-populated\">\n\t\t\t\t\t\t<div class=\"elementor-element elementor-element-e82621a elementor-widget elementor-widget-alloggio_core_image_with_text\" data-id=\"e82621a\" data-element_type=\"widget\" data-widget_type=\"alloggio_core_image_with_text.default\">\n\t\t\t\t<div class=\"elementor-widget-container\">\n\t\t\t\t\t<div class=\"qodef-shortcode qodef-m  qodef-image-with-text qodef-layout--text-below  \">\n\t<div class=\"qodef-m-image\">\n\t\t\t\t\t\t\t\t\t<img decoding=\"async\" width=\"500\" height=\"456\" src=\"https:\/\/diamentplazakatowice.pl\/wp-content\/uploads\/local-activities-2.jpg\" class=\"qodef-e-main-image\" alt=\"Teatr im. Stanis\u0142awa Wyspia\u0144skiego\" srcset=\"https:\/\/diamentplazakatowice.pl\/wp-content\/uploads\/local-activities-2.jpg 500w, https:\/\/diamentplazakatowice.pl\/wp-content\/uploads\/local-activities-2-300x274.jpg 300w\" sizes=\"(max-width: 500px) 100vw, 500px\" \/>\t\t\t\t\t\t\t\t\t<\/div>\t<div class=\"qodef-m-content\">\n\t\t\t<h3 class=\"qodef-m-title\" style=\"margin-top: 20px\">\n\t\t\t\t\tTeatr im. Stanis\u0142awa Wyspia\u0144skiego\t\t\t<\/h3>\n\t\t\t<p class=\"qodef-m-text\" >Teatr im. Stanis\u0142awa Wyspia\u0144skiego pozostaje nieprzerwanie od moment wybudowania w 1907 r. najwi\u0119ksz\u0105 scen\u0105 dramatyczn\u0105 na G\u00f3rnym \u015al\u0105sku. Jedyn\u0105 ozdob\u0105 surowej, acz wynios\u0142ej neoklasycystycznej fasady s\u0105 umiejscowione w portalu figury Apolla i Muz.<\/p>\n\t<\/div>\n<\/div>\t\t\t\t<\/div>\n\t\t\t\t<\/div>\n\t\t\t\t\t<\/div>\n\t\t<\/div>\n\t\t\t\t<div class=\"elementor-column elementor-col-33 elementor-top-column elementor-element elementor-element-686c4c7\" data-id=\"686c4c7\" data-element_type=\"column\">\n\t\t\t<div class=\"elementor-widget-wrap elementor-element-populated\">\n\t\t\t\t\t\t<div class=\"elementor-element elementor-element-6330fff elementor-widget elementor-widget-alloggio_core_image_with_text\" data-id=\"6330fff\" data-element_type=\"widget\" data-widget_type=\"alloggio_core_image_with_text.default\">\n\t\t\t\t<div class=\"elementor-widget-container\">\n\t\t\t\t\t<div class=\"qodef-shortcode qodef-m  qodef-image-with-text qodef-layout--text-below  \">\n\t<div class=\"qodef-m-image\">\n\t\t\t\t\t\t\t\t\t<img decoding=\"async\" width=\"500\" height=\"456\" src=\"https:\/\/diamentplazakatowice.pl\/wp-content\/uploads\/local-activities-3.jpg\" class=\"qodef-e-main-image\" alt=\"Kamienica przy 3-go Maja 17\" srcset=\"https:\/\/diamentplazakatowice.pl\/wp-content\/uploads\/local-activities-3.jpg 500w, https:\/\/diamentplazakatowice.pl\/wp-content\/uploads\/local-activities-3-300x274.jpg 300w\" sizes=\"(max-width: 500px) 100vw, 500px\" \/>\t\t\t\t\t\t\t\t\t<\/div>\t<div class=\"qodef-m-content\">\n\t\t\t<h3 class=\"qodef-m-title\" style=\"margin-top: 20px\">\n\t\t\t\t\tKamienica przy 3-go Maja 17\t\t\t<\/h3>\n\t\t\t<p class=\"qodef-m-text\" style=\"margin-top: 13px\">Kamienica przy 3-go Maja 17 to doskona\u0142y przyk\u0142ad secesji z pocz\u0105tku XX wieku. Wybudowana zosta\u0142a w 1904r. Fasad\u0119 ozdobiono glazurowanymi p\u0142ytkami, wyr\u00f3\u017cnia si\u0119 ona nieregularnym rozmieszczeniem balkon\u00f3w.<\/p>\n\t<\/div>\n<\/div>\t\t\t\t<\/div>\n\t\t\t\t<\/div>\n\t\t\t\t\t<\/div>\n\t\t<\/div>\n\t\t\t\t\t<\/div>\n\t\t<\/section>\n\t\t\t\t<section class=\"elementor-section elementor-top-section elementor-element elementor-element-a0d2bba elementor-section-full_width qodef-elementor-content-grid elementor-section-height-default elementor-section-height-default\" data-id=\"a0d2bba\" data-element_type=\"section\">\n\t\t\t\t\t\t<div class=\"elementor-container elementor-column-gap-no\">\n\t\t\t\t\t<div class=\"elementor-column elementor-col-33 elementor-top-column elementor-element elementor-element-36673cf\" data-id=\"36673cf\" data-element_type=\"column\">\n\t\t\t<div class=\"elementor-widget-wrap elementor-element-populated\">\n\t\t\t\t\t\t<div class=\"elementor-element elementor-element-1770090 elementor-widget elementor-widget-alloggio_core_image_with_text\" data-id=\"1770090\" data-element_type=\"widget\" data-widget_type=\"alloggio_core_image_with_text.default\">\n\t\t\t\t<div class=\"elementor-widget-container\">\n\t\t\t\t\t<div class=\"qodef-shortcode qodef-m  qodef-image-with-text qodef-layout--text-below  \">\n\t<div class=\"qodef-m-image\">\n\t\t\t\t\t\t\t\t\t<img loading=\"lazy\" decoding=\"async\" width=\"500\" height=\"456\" src=\"https:\/\/diamentplazakatowice.pl\/wp-content\/uploads\/local-activities-4.jpg\" class=\"qodef-e-main-image\" alt=\"Plac Wolno\u015bci\" srcset=\"https:\/\/diamentplazakatowice.pl\/wp-content\/uploads\/local-activities-4.jpg 500w, https:\/\/diamentplazakatowice.pl\/wp-content\/uploads\/local-activities-4-300x274.jpg 300w\" sizes=\"(max-width: 500px) 100vw, 500px\" \/>\t\t\t\t\t\t\t\t\t<\/div>\t<div class=\"qodef-m-content\">\n\t\t\t<h3 class=\"qodef-m-title\" style=\"margin-top: 20px\">\n\t\t\t\t\tPlac Wolno\u015bci\t\t\t<\/h3>\n\t\t\t<p class=\"qodef-m-text\" style=\"margin-top: 13px\">Plac Wolno\u015bci w Katowicach by\u0142 niegdy\u015b per\u0142\u0105 t\u0119tni\u0105cej \u017cyciem g\u0142\u00f3wnej arterii miasta, ul. 3 maja. Jako bardzo poszukiwana lokalizacja szybko zosta\u0142a otoczona bogatymi kamienicami, w kt\u00f3rych mieszkaj\u0105 zamo\u017cni mieszka\u0144cy miasta poszukuj\u0105cy presti\u017cowego adresu. Obszar emanowa\u0142 poczuciem presti\u017cu i wielko\u015bci, odzwierciedlaj\u0105c dobrobyt i status jego mieszka\u0144c\u00f3w. Dzi\u015b nadal jest symbolem bogatej historii i dziedzictwa kulturowego miasta, przyci\u0105gaj\u0105c turyst\u00f3w z ca\u0142ego \u015bwiata, by podziwia\u0107 jego pi\u0119kno architektoniczne i ch\u0142on\u0105\u0107 jego niepowtarzaln\u0105 atmosfer\u0119.<\/p>\n\t<\/div>\n<\/div>\t\t\t\t<\/div>\n\t\t\t\t<\/div>\n\t\t\t\t\t<\/div>\n\t\t<\/div>\n\t\t\t\t<div class=\"elementor-column elementor-col-33 elementor-top-column elementor-element elementor-element-847cb54\" data-id=\"847cb54\" data-element_type=\"column\">\n\t\t\t<div class=\"elementor-widget-wrap elementor-element-populated\">\n\t\t\t\t\t\t<div class=\"elementor-element elementor-element-6fe3cdf elementor-widget elementor-widget-alloggio_core_image_with_text\" data-id=\"6fe3cdf\" data-element_type=\"widget\" data-widget_type=\"alloggio_core_image_with_text.default\">\n\t\t\t\t<div class=\"elementor-widget-container\">\n\t\t\t\t\t<div class=\"qodef-shortcode qodef-m  qodef-image-with-text qodef-layout--text-below  \">\n\t<div class=\"qodef-m-image\">\n\t\t\t\t\t\t\t\t\t<img loading=\"lazy\" decoding=\"async\" width=\"500\" height=\"456\" src=\"https:\/\/diamentplazakatowice.pl\/wp-content\/uploads\/local-activities-5.jpg\" class=\"qodef-e-main-image\" alt=\"Pa\u0142ac Goldstein\u00f3w\" srcset=\"https:\/\/diamentplazakatowice.pl\/wp-content\/uploads\/local-activities-5.jpg 500w, https:\/\/diamentplazakatowice.pl\/wp-content\/uploads\/local-activities-5-300x274.jpg 300w\" sizes=\"(max-width: 500px) 100vw, 500px\" \/>\t\t\t\t\t\t\t\t\t<\/div>\t<div class=\"qodef-m-content\">\n\t\t\t<h3 class=\"qodef-m-title\" style=\"margin-top: 20px\">\n\t\t\t\t\tPa\u0142ac Goldstein\u00f3w\t\t\t<\/h3>\n\t\t\t<p class=\"qodef-m-text\" style=\"margin-top: 13px\">Pa\u0142ac Goldstein\u00f3w powsta\u0142 w 1872 przy ulicy Matejki. W\u0142a\u015bciciele, bracia Abraham i J\u00f3zef przyjechali do Katowic z \u00f3wczesnego zaboru rosyjskiego. Jako bogaci przemys\u0142owcy pierwotnie zajmowali si\u0119 handlem drewnem zaopatruj\u0105c pobliskie kopalnie, a nast\u0119pnie weszli w obr\u00f3t ziemi\u0105 i budow\u0119 luksusowych rezydencji. Do\u015b\u0107 niespodziewanie zako\u0144czyli swoj\u0105 przygod\u0119 z przemys\u0142owym okr\u0119giem g\u00f3rno\u015bl\u0105skim przenosz\u0105c si\u0119 w 1893 roku do Wroc\u0142awia. Obecnie w sali balowej pa\u0142acu znajduje si\u0119 sala \u015blub\u00f3w Katowickiego Urz\u0105d Stanu Cywilnego.<\/p>\n\t<\/div>\n<\/div>\t\t\t\t<\/div>\n\t\t\t\t<\/div>\n\t\t\t\t\t<\/div>\n\t\t<\/div>\n\t\t\t\t<div class=\"elementor-column elementor-col-33 elementor-top-column elementor-element elementor-element-78f5052\" data-id=\"78f5052\" data-element_type=\"column\">\n\t\t\t<div class=\"elementor-widget-wrap elementor-element-populated\">\n\t\t\t\t\t\t<div class=\"elementor-element elementor-element-81a2412 elementor-widget elementor-widget-alloggio_core_image_with_text\" data-id=\"81a2412\" data-element_type=\"widget\" data-widget_type=\"alloggio_core_image_with_text.default\">\n\t\t\t\t<div class=\"elementor-widget-container\">\n\t\t\t\t\t<div class=\"qodef-shortcode qodef-m  qodef-image-with-text qodef-layout--text-below  \">\n\t<div class=\"qodef-m-image\">\n\t\t\t\t\t\t\t\t\t<img loading=\"lazy\" decoding=\"async\" width=\"500\" height=\"456\" src=\"https:\/\/diamentplazakatowice.pl\/wp-content\/uploads\/local-activities-6.jpg\" class=\"qodef-e-main-image\" alt=\"Drapacz Chmur\" srcset=\"https:\/\/diamentplazakatowice.pl\/wp-content\/uploads\/local-activities-6.jpg 500w, https:\/\/diamentplazakatowice.pl\/wp-content\/uploads\/local-activities-6-300x274.jpg 300w\" sizes=\"(max-width: 500px) 100vw, 500px\" \/>\t\t\t\t\t\t\t\t\t<\/div>\t<div class=\"qodef-m-content\">\n\t\t\t<h3 class=\"qodef-m-title\" style=\"margin-top: 20px\">\n\t\t\t\t\tDrapacz Chmur\t\t\t<\/h3>\n\t\t\t<p class=\"qodef-m-text\" style=\"margin-top: 13px\">S\u0142ynny katowicki Drapacz Chmur uko\u0144czony zosta\u0142 w 1934 r. By\u0142 najwy\u017cszym budynkiem w Polce i jednym z wy\u017cszych w Europie. Wybudowany w nowatorskiej technologii szkieletowej (szkielet stalowy) sta\u0142 si\u0119 symbolem odradzaj\u0105cej si\u0119 polskiej pa\u0144stwowo\u015bci na terenie G\u00f3rnego \u015al\u0105ska. 14 kondygnacji na powierzchni i 3 pod ziemi\u0105 wydawa\u0142o si\u0119 na tamte czasy wr\u0119cz niemo\u017cliwe do osi\u0105gni\u0119cia. Budynek wyposa\u017cony zosta\u0142 w trzy windy (dwie osobowe i jedn\u0105 towarow\u0105), w budynku znajdowa\u0142a si\u0119 centrala telefoniczna.<\/p>\n\t<\/div>\n<\/div>\t\t\t\t<\/div>\n\t\t\t\t<\/div>\n\t\t\t\t\t<\/div>\n\t\t<\/div>\n\t\t\t\t\t<\/div>\n\t\t<\/section>\n\t\t\t\t<section class=\"elementor-section elementor-top-section elementor-element elementor-element-3ff8d49 elementor-section-full_width qodef-elementor-content-grid elementor-section-height-default elementor-section-height-default\" data-id=\"3ff8d49\" data-element_type=\"section\">\n\t\t\t\t\t\t<div class=\"elementor-container elementor-column-gap-no\">\n\t\t\t\t\t<div class=\"elementor-column elementor-col-33 elementor-top-column elementor-element elementor-element-ea83dd2\" data-id=\"ea83dd2\" data-element_type=\"column\">\n\t\t\t<div class=\"elementor-widget-wrap elementor-element-populated\">\n\t\t\t\t\t\t<div class=\"elementor-element elementor-element-854ba8a elementor-widget elementor-widget-alloggio_core_image_with_text\" data-id=\"854ba8a\" data-element_type=\"widget\" data-widget_type=\"alloggio_core_image_with_text.default\">\n\t\t\t\t<div class=\"elementor-widget-container\">\n\t\t\t\t\t<div class=\"qodef-shortcode qodef-m  qodef-image-with-text qodef-layout--text-below  \">\n\t<div class=\"qodef-m-image\">\n\t\t\t\t\t\t\t\t\t<img loading=\"lazy\" decoding=\"async\" width=\"500\" height=\"456\" src=\"https:\/\/diamentplazakatowice.pl\/wp-content\/uploads\/local-activities-7.jpg\" class=\"qodef-e-main-image\" alt=\"Ko\u015bci\u00f3\u0142 Garnizonowy\" srcset=\"https:\/\/diamentplazakatowice.pl\/wp-content\/uploads\/local-activities-7.jpg 500w, https:\/\/diamentplazakatowice.pl\/wp-content\/uploads\/local-activities-7-300x274.jpg 300w\" sizes=\"(max-width: 500px) 100vw, 500px\" \/>\t\t\t\t\t\t\t\t\t<\/div>\t<div class=\"qodef-m-content\">\n\t\t\t<h3 class=\"qodef-m-title\" style=\"margin-top: 20px\">\n\t\t\t\t\tKo\u015bci\u00f3\u0142 Garnizonowy\t\t\t<\/h3>\n\t\t\t<p class=\"qodef-m-text\" style=\"margin-top: 13px\">Ko\u015bci\u00f3\u0142 Garnizonowy wybudowany w 1932r. dla 23 Dywizji Piechoty stacjonuj\u0105cej w Katowicach jest pierwszym funkcjonalistycznym budynkiem sakralnym w Polsce. W surowej fasadzie widoczna jest inspiracja modnym \u00f3wcze\u015bnie w architekturze, holenderskim nurtem De Stijl. Wn\u0119trze ko\u015bcio\u0142a w stylu Art D\u00e9co zachowa\u0142o si\u0119 prawie w nienaruszonym stanie. Warto zwr\u00f3ci\u0107 uwag\u0119 na wizerunek Chrystusa w o\u0142tarzu g\u0142\u00f3wnym. Zgodnie z duchem epoki jest to dumnie wyprostowana, patrz\u0105ca w przysz\u0142o\u015b\u0107 posta\u0107.<\/p>\n\t<\/div>\n<\/div>\t\t\t\t<\/div>\n\t\t\t\t<\/div>\n\t\t\t\t\t<\/div>\n\t\t<\/div>\n\t\t\t\t<div class=\"elementor-column elementor-col-33 elementor-top-column elementor-element elementor-element-a493279\" data-id=\"a493279\" data-element_type=\"column\">\n\t\t\t<div class=\"elementor-widget-wrap elementor-element-populated\">\n\t\t\t\t\t\t<div class=\"elementor-element elementor-element-f513e9a elementor-widget elementor-widget-alloggio_core_image_with_text\" data-id=\"f513e9a\" data-element_type=\"widget\" data-widget_type=\"alloggio_core_image_with_text.default\">\n\t\t\t\t<div class=\"elementor-widget-container\">\n\t\t\t\t\t<div class=\"qodef-shortcode qodef-m  qodef-image-with-text qodef-layout--text-below  \">\n\t<div class=\"qodef-m-image\">\n\t\t\t\t\t\t\t\t\t<img loading=\"lazy\" decoding=\"async\" width=\"500\" height=\"456\" src=\"https:\/\/diamentplazakatowice.pl\/wp-content\/uploads\/local-activities-8.jpg\" class=\"qodef-e-main-image\" alt=\"Kinoteatr Rialto\" srcset=\"https:\/\/diamentplazakatowice.pl\/wp-content\/uploads\/local-activities-8.jpg 500w, https:\/\/diamentplazakatowice.pl\/wp-content\/uploads\/local-activities-8-300x274.jpg 300w\" sizes=\"(max-width: 500px) 100vw, 500px\" \/>\t\t\t\t\t\t\t\t\t<\/div>\t<div class=\"qodef-m-content\">\n\t\t\t<h3 class=\"qodef-m-title\" style=\"margin-top: 20px\">\n\t\t\t\t\tKinoteatr Rialto\t\t\t<\/h3>\n\t\t\t<p class=\"qodef-m-text\" style=\"margin-top: 13px\">Kinoteatr Rialto zosta\u0142 otwarty w 1913r. By\u0142o to bardzo ekskluzywne miejsce z doskona\u0142\u0105 restauracj\u0105 umiejscowion\u0105 na pierwszym pi\u0119trze, palarni\u0105 cygar oraz miejscem na kilkunastoosobow\u0105 orkiestr\u0119. Dzi\u015b wizyta w kinie jest istn\u0105 podr\u00f3\u017c\u0105 do przesz\u0142o\u015bci. Siedzimy przy stolikach kawiarnianych, w \u015brodku sali kinowej znajduje si\u0119 bar serwuj\u0105cy doskona\u0142\u0105 herbat\u0119 podawan\u0105 w porcelanowych dzbankach, a na ekranie wy\u015bwietlane s\u0105 prawdziwe pere\u0142ki. To miejsce nale\u017cy odwiedzi\u0107 je\u015bli dysponuje si\u0119 wolnym wieczorem.<\/p>\n\t<\/div>\n<\/div>\t\t\t\t<\/div>\n\t\t\t\t<\/div>\n\t\t\t\t\t<\/div>\n\t\t<\/div>\n\t\t\t\t<div class=\"elementor-column elementor-col-33 elementor-top-column elementor-element elementor-element-2c3bf8f\" data-id=\"2c3bf8f\" data-element_type=\"column\">\n\t\t\t<div class=\"elementor-widget-wrap elementor-element-populated\">\n\t\t\t\t\t\t<div class=\"elementor-element elementor-element-3bcbd9c elementor-widget elementor-widget-alloggio_core_image_with_text\" data-id=\"3bcbd9c\" data-element_type=\"widget\" data-widget_type=\"alloggio_core_image_with_text.default\">\n\t\t\t\t<div class=\"elementor-widget-container\">\n\t\t\t\t\t<div class=\"qodef-shortcode qodef-m  qodef-image-with-text qodef-layout--text-below  \">\n\t<div class=\"qodef-m-image\">\n\t\t\t\t\t\t\t\t\t\t\t\t\t\t\t\t\t\t<\/div>\t<div class=\"qodef-m-content\">\n\t\t\t\t\t<\/div>\n<\/div>\t\t\t\t<\/div>\n\t\t\t\t<\/div>\n\t\t\t\t\t<\/div>\n\t\t<\/div>\n\t\t\t\t\t<\/div>\n\t\t<\/section>\n\t\t\t\t<\/div>\n\t\t","protected":false},"excerpt":{"rendered":"<p>Po\u0142udniowa cz\u0119\u015b\u0107 \u015br\u00f3dmie\u015bcia Katowic nazywana jest \u201ePolskim Chicago\u201d. Alias jak najbardziej uzasadniony, poniewa\u017c najwi\u0119kszy rozw\u00f3j i rozkwit 150 letnich Katowic przypada na okres depresji gospodarczej lat 20-tych. Postawiono w\u00f3wczas na rozwi\u0105zania ekonomiczne i funkcjonalne w zakresie architektury miejskiej, podobnie jak mia\u0142o to miejsce w Wietrznym Mie\u015bcie. W tym okresie w stolicy G\u00f3rnego \u015al\u0105ska powsta\u0142y drapacze [&hellip;]<\/p>\n","protected":false},"author":5,"featured_media":0,"parent":0,"menu_order":0,"comment_status":"closed","ping_status":"closed","template":"page-full-width.php","meta":{"_acf_changed":false,"footnotes":""},"class_list":["post-5972","page","type-page","status-publish","hentry"],"acf":[],"_links":{"self":[{"href":"https:\/\/diamentplazakatowice.pl\/pl\/wp-json\/wp\/v2\/pages\/5972","targetHints":{"allow":["GET"]}}],"collection":[{"href":"https:\/\/diamentplazakatowice.pl\/pl\/wp-json\/wp\/v2\/pages"}],"about":[{"href":"https:\/\/diamentplazakatowice.pl\/pl\/wp-json\/wp\/v2\/types\/page"}],"author":[{"embeddable":true,"href":"https:\/\/diamentplazakatowice.pl\/pl\/wp-json\/wp\/v2\/users\/5"}],"replies":[{"embeddable":true,"href":"https:\/\/diamentplazakatowice.pl\/pl\/wp-json\/wp\/v2\/comments?post=5972"}],"version-history":[{"count":19,"href":"https:\/\/diamentplazakatowice.pl\/pl\/wp-json\/wp\/v2\/pages\/5972\/revisions"}],"predecessor-version":[{"id":6181,"href":"https:\/\/diamentplazakatowice.pl\/pl\/wp-json\/wp\/v2\/pages\/5972\/revisions\/6181"}],"wp:attachment":[{"href":"https:\/\/diamentplazakatowice.pl\/pl\/wp-json\/wp\/v2\/media?parent=5972"}],"curies":[{"name":"wp","href":"https:\/\/api.w.org\/{rel}","templated":true}]}}