{"id":6026,"date":"2020-04-01T08:40:15","date_gmt":"2020-04-01T06:40:15","guid":{"rendered":"https:\/\/diamentplazakatowice.pl\/promotions\/"},"modified":"2023-04-28T09:09:34","modified_gmt":"2023-04-28T07:09:34","slug":"promocje","status":"publish","type":"page","link":"https:\/\/diamentplazakatowice.pl\/pl\/promocje\/","title":{"rendered":"Promocje"},"content":{"rendered":"\t\t<div data-elementor-type=\"wp-page\" data-elementor-id=\"6026\" class=\"elementor elementor-6026 elementor-2668\">\n\t\t\t\t\t\t<section class=\"elementor-section elementor-top-section elementor-element elementor-element-3ffcb35 qodef-elementor-content-grid elementor-section-boxed elementor-section-height-default elementor-section-height-default\" data-id=\"3ffcb35\" data-element_type=\"section\">\n\t\t\t\t\t\t<div class=\"elementor-container elementor-column-gap-default\">\n\t\t\t\t\t<div class=\"elementor-column elementor-col-100 elementor-top-column elementor-element elementor-element-935c5ec\" data-id=\"935c5ec\" data-element_type=\"column\">\n\t\t\t<div class=\"elementor-widget-wrap elementor-element-populated\">\n\t\t\t\t\t\t<div class=\"elementor-element elementor-element-4c7511c elementor-widget elementor-widget-alloggio_core_section_title\" data-id=\"4c7511c\" data-element_type=\"widget\" data-widget_type=\"alloggio_core_section_title.default\">\n\t\t\t\t<div class=\"elementor-widget-container\">\n\t\t\t\t\t<div class=\"qodef-shortcode qodef-m  qodef-section-title qodef-alignment--center\">\n\t\t<h2 class=\"qodef-m-title\" >\n\t\t\t\t\tIdealna oferta\t\t\t<\/h2>\n\t\t<span class=\"qodef-m-text\" >Nie przegap okazji, aby zaoszcz\u0119dzi\u0107, korzystaj\u0105c z luksusu i komfortu w naszym hotelu. Przejrzyj nasze promocje i zarezerwuj pobyt ju\u017c dzi\u015b!<\/span>\n<\/div>\t\t\t\t<\/div>\n\t\t\t\t<\/div>\n\t\t\t\t\t<\/div>\n\t\t<\/div>\n\t\t\t\t\t<\/div>\n\t\t<\/section>\n\t\t\t\t<section class=\"elementor-section elementor-top-section elementor-element elementor-element-48ebb83 elementor-section-full_width qodef-elementor-content-grid elementor-section-height-default elementor-section-height-default\" data-id=\"48ebb83\" data-element_type=\"section\">\n\t\t\t\t\t\t<div class=\"elementor-container elementor-column-gap-no\">\n\t\t\t\t\t<div class=\"elementor-column elementor-col-100 elementor-top-column elementor-element elementor-element-431bb12\" data-id=\"431bb12\" data-element_type=\"column\">\n\t\t\t<div class=\"elementor-widget-wrap elementor-element-populated\">\n\t\t\t\t\t\t<div class=\"elementor-element elementor-element-b9620ed elementor-widget elementor-widget-alloggio_core_pricing_table\" data-id=\"b9620ed\" data-element_type=\"widget\" data-widget_type=\"alloggio_core_pricing_table.default\">\n\t\t\t\t<div class=\"elementor-widget-container\">\n\t\t\t\t\t<div class=\"qodef-shortcode qodef-m  qodef-pricing-table qodef-layout--standard qodef-status--featured\" >\n\t<div class=\"qodef-m-inner\">\n\t\t\t<div class=\"qodef-m-title\">\n\t\t<p >D\u0142ugi pobyt<\/p>\n\t<\/div>\n\t\t\t<div class=\"qodef-m-price\">\n\t\t<div class=\"qodef-m-price-wrapper\" >\n\t\t\t<span class=\"qodef-m-price-value\">15% <\/span>\n\t\t\t\t\t<\/div>\n\t<\/div>\n\t\t\t<div class=\"qodef-m-content\"><ul><li><strong>minimum 3 noce<\/strong><\/li><li>nocleg w komfortowych, klimatyzowanych pokojach<\/li><li>bezp\u0142atny dost\u0119p do internetu na terenie ca\u0142ego hotelu<\/li><li>dost\u0119p do restauracji z ciekawym menu a\u2019la carte<\/li><li>strze\u017cony i monitorowany parking (dodatkowo p\u0142atny)<\/li><li>mo\u017cliwo\u015b\u0107 dokupienia \u015bniadania w hotelu<\/li><li>mo\u017cliwo\u015b\u0107 skorzystania z bezp\u0142atnych\u00a0<a href=\"https:\/\/www.hotelediament.pl\/przewodniki\/\" target=\"_blank\" rel=\"noopener\"><strong>przewodnik\u00f3w<\/strong><\/a>\u00a0po lokalnych atrakcjach<\/li><li>oferta bezzwrotna, 100% przedp\u0142at<\/li><\/ul><\/div>\n\t\t\t<div class=\"qodef-m-button clear\">\n\t\t<a class=\"qodef-shortcode qodef-m  qodef-button qodef-layout--filled  qodef-html--link\" href=\"https:\/\/reservations.travelclick.com\/100138\/?LanguageID=27\" target=\"_self\"  style=\"margin: 53px 0 0 0\">\t<span class=\"qodef-m-text\">Zarezerwuj<\/span>\t<span class=\"qodef-m-background-holder\" ><\/span><\/a>\t<\/div>\n\t<\/div>\n<\/div>\t\t\t\t<\/div>\n\t\t\t\t<\/div>\n\t\t\t\t\t<\/div>\n\t\t<\/div>\n\t\t\t\t\t<\/div>\n\t\t<\/section>\n\t\t\t\t<\/div>\n\t\t","protected":false},"excerpt":{"rendered":"<p>Idealna oferta Nie przegap okazji, aby zaoszcz\u0119dzi\u0107, korzystaj\u0105c z luksusu i komfortu w naszym hotelu. Przejrzyj nasze promocje i zarezerwuj pobyt ju\u017c dzi\u015b! D\u0142ugi pobyt 15% minimum 3 noce nocleg w komfortowych, klimatyzowanych pokojach bezp\u0142atny dost\u0119p do internetu na terenie ca\u0142ego hotelu dost\u0119p do restauracji z ciekawym menu a\u2019la carte strze\u017cony i monitorowany parking (dodatkowo [&hellip;]<\/p>\n","protected":false},"author":5,"featured_media":0,"parent":0,"menu_order":0,"comment_status":"closed","ping_status":"closed","template":"page-full-width.php","meta":{"_acf_changed":false,"footnotes":""},"class_list":["post-6026","page","type-page","status-publish","hentry"],"acf":[],"_links":{"self":[{"href":"https:\/\/diamentplazakatowice.pl\/pl\/wp-json\/wp\/v2\/pages\/6026","targetHints":{"allow":["GET"]}}],"collection":[{"href":"https:\/\/diamentplazakatowice.pl\/pl\/wp-json\/wp\/v2\/pages"}],"about":[{"href":"https:\/\/diamentplazakatowice.pl\/pl\/wp-json\/wp\/v2\/types\/page"}],"author":[{"embeddable":true,"href":"https:\/\/diamentplazakatowice.pl\/pl\/wp-json\/wp\/v2\/users\/5"}],"replies":[{"embeddable":true,"href":"https:\/\/diamentplazakatowice.pl\/pl\/wp-json\/wp\/v2\/comments?post=6026"}],"version-history":[{"count":14,"href":"https:\/\/diamentplazakatowice.pl\/pl\/wp-json\/wp\/v2\/pages\/6026\/revisions"}],"predecessor-version":[{"id":6275,"href":"https:\/\/diamentplazakatowice.pl\/pl\/wp-json\/wp\/v2\/pages\/6026\/revisions\/6275"}],"wp:attachment":[{"href":"https:\/\/diamentplazakatowice.pl\/pl\/wp-json\/wp\/v2\/media?parent=6026"}],"curies":[{"name":"wp","href":"https:\/\/api.w.org\/{rel}","templated":true}]}}