{"id":6052,"date":"2023-01-18T23:38:25","date_gmt":"2023-01-18T22:38:25","guid":{"rendered":"https:\/\/diamentplazakatowice.pl\/rooms\/"},"modified":"2023-03-20T22:34:03","modified_gmt":"2023-03-20T21:34:03","slug":"pokoje","status":"publish","type":"page","link":"https:\/\/diamentplazakatowice.pl\/pl\/pokoje\/","title":{"rendered":"Pokoje"},"content":{"rendered":"\t\t<div data-elementor-type=\"wp-page\" data-elementor-id=\"6052\" class=\"elementor elementor-6052 elementor-4999\">\n\t\t\t\t\t\t<section class=\"elementor-section elementor-top-section elementor-element elementor-element-2ad6d3c elementor-section-boxed elementor-section-height-default elementor-section-height-default qodef-elementor-content-no\" data-id=\"2ad6d3c\" data-element_type=\"section\">\n\t\t\t\t\t\t<div class=\"elementor-container elementor-column-gap-default\">\n\t\t\t\t\t<div class=\"elementor-column elementor-col-100 elementor-top-column elementor-element elementor-element-cb0ee35\" data-id=\"cb0ee35\" data-element_type=\"column\">\n\t\t\t<div class=\"elementor-widget-wrap elementor-element-populated\">\n\t\t\t\t\t\t<div class=\"elementor-element elementor-element-a83ae79 elementor-widget elementor-widget-alloggio_core_section_title\" data-id=\"a83ae79\" data-element_type=\"widget\" data-widget_type=\"alloggio_core_section_title.default\">\n\t\t\t\t<div class=\"elementor-widget-container\">\n\t\t\t\t\t<div class=\"qodef-shortcode qodef-m  qodef-section-title qodef-alignment--center\">\n\t\t\t<span class=\"qodef-m-text\" >Dzi\u0119ki rozbudowie hotel oferuje 135 nowoczesnych pokoi z 270 miejscami noclegowymi, kt\u00f3re zosta\u0142y wyposa\u017cone w najnowsze technologie umilaj\u0105ce go\u015bciom pobyt. Hotel posiada 5 spektakularnych apartament\u00f3w o powierzchni ponad 50 m2 ka\u017cdy. Cr\u00e8me de la cr\u00e8me stanowi unikatowy penthause o powierzchni 90 m2 z dodatkowym ponad 30-metrowym, wyposa\u017conym tarasem i widokiem na panoram\u0119 Katowic.<\/span>\n<\/div>\t\t\t\t<\/div>\n\t\t\t\t<\/div>\n\t\t\t\t\t<\/div>\n\t\t<\/div>\n\t\t\t\t\t<\/div>\n\t\t<\/section>\n\t\t\t\t<section class=\"elementor-section elementor-top-section elementor-element elementor-element-b4ea755 elementor-section-boxed elementor-section-height-default elementor-section-height-default qodef-elementor-content-no\" data-id=\"b4ea755\" data-element_type=\"section\">\n\t\t\t\t\t\t<div class=\"elementor-container elementor-column-gap-default\">\n\t\t\t\t\t<div class=\"elementor-column elementor-col-100 elementor-top-column elementor-element elementor-element-b2e9aa4\" data-id=\"b2e9aa4\" data-element_type=\"column\">\n\t\t\t<div class=\"elementor-widget-wrap elementor-element-populated\">\n\t\t\t\t\t\t<div class=\"elementor-element elementor-element-5763fea elementor-widget elementor-widget-alloggio_core_room_list\" data-id=\"5763fea\" data-element_type=\"widget\" data-widget_type=\"alloggio_core_room_list.default\">\n\t\t\t\t<div class=\"elementor-widget-container\">\n\t\t\t\t\t<div class=\"qodef-shortcode qodef-m  qodef-room-list qodef-layout--boxed   qodef-grid qodef-layout--columns  qodef-gutter--normal qodef-col-num--2 qodef-item-layout--boxed qodef--no-bottom-space qodef-pagination--off qodef-responsive--predefined\" data-options=\"{&quot;plugin&quot;:&quot;alloggio_core&quot;,&quot;module&quot;:&quot;post-types\\\/room\\\/shortcodes&quot;,&quot;shortcode&quot;:&quot;room-list&quot;,&quot;post_type&quot;:&quot;room&quot;,&quot;next_page&quot;:&quot;2&quot;,&quot;posts_per_page&quot;:&quot;-1&quot;,&quot;orderby&quot;:&quot;date&quot;,&quot;order&quot;:&quot;ASC&quot;,&quot;behavior&quot;:&quot;columns&quot;,&quot;images_proportion&quot;:&quot;large&quot;,&quot;columns&quot;:&quot;2&quot;,&quot;columns_responsive&quot;:&quot;predefined&quot;,&quot;space&quot;:&quot;normal&quot;,&quot;layout&quot;:&quot;boxed&quot;,&quot;title_tag&quot;:&quot;h4&quot;,&quot;text_transform&quot;:&quot;capitalize&quot;,&quot;pagination_type&quot;:&quot;no-pagination&quot;,&quot;object_class_name&quot;:&quot;AlloggioCoreRoomListShortcode&quot;,&quot;unique&quot;:&quot;1&quot;,&quot;item_classes&quot;:&quot;qodef-e qodef-room-list-item qodef-grid-item&quot;,&quot;space_value&quot;:15}\">\n\t<div class=\"qodef-grid-inner clear\">\n\t\t<article class=\"qodef-e qodef-room-list-item qodef-grid-item qodef-item--large\" >\n\t<div class=\"qodef-e-inner\">\n\t\t<div class=\"qodef-e-media\">\n\t\t\t<div class=\"qodef-e-img-holder\">\n\t\t\t\t\t<div class=\"qodef-e-media-image\" data-swiper-parallax=\"27%\">\n\t\t<a itemprop=\"url\" href=\"https:\/\/diamentplazakatowice.pl\/pl\/pokoj\/pokoj-jednoosobowy-superior-classic\/\">\n\t\t\t<img fetchpriority=\"high\" decoding=\"async\" width=\"800\" height=\"533\" src=\"https:\/\/diamentplazakatowice.pl\/wp-content\/uploads\/superior-classic-single-room-1a.jpg\" class=\"attachment-large size-large\" alt=\"\" srcset=\"https:\/\/diamentplazakatowice.pl\/wp-content\/uploads\/superior-classic-single-room-1a.jpg 800w, https:\/\/diamentplazakatowice.pl\/wp-content\/uploads\/superior-classic-single-room-1a-300x200.jpg 300w, https:\/\/diamentplazakatowice.pl\/wp-content\/uploads\/superior-classic-single-room-1a-768x512.jpg 768w, https:\/\/diamentplazakatowice.pl\/wp-content\/uploads\/superior-classic-single-room-1a-600x400.jpg 600w\" sizes=\"(max-width: 800px) 100vw, 800px\" \/>\t\t<\/a>\n\t<\/div>\n\t\t\t<\/div>\n\t\t<\/div>\n\t\t<div class=\"qodef-e-content\">\n\t\t\t<div class=\"qodef-e-heading\">\n\t\t\t\t<h4 itemprop=\"name\" class=\"qodef-e-title entry-title\" style=\"text-transform: capitalize\">\n\t<a itemprop=\"url\" href=\"https:\/\/diamentplazakatowice.pl\/pl\/pokoj\/pokoj-jednoosobowy-superior-classic\/\">\n\t\tPok\u00f3j Jednoosobowy Superior Classic\t<\/a>\n<\/h4>\t\t\t\t\t<span class=\"qodef-e-price\">\n\t\t<span class=\"qodef-e-price-label\">from<\/span>\n\t\t<span class=\"qodef-e-price-value\">$1<\/span>\n\t<\/span>\n\t\t\t<\/div>\n\t\t\t<div class=\"qodef-e-info-items\">\n\t\t\t\t\t<span class=\"qodef-e-price\">\n\t\t<span class=\"qodef-e-price-label\">from<\/span>\n\t\t<span class=\"qodef-e-price-value\">$1<\/span>\n\t<\/span>\n\t\t\t\t\t<span class=\"qodef-e-room-size\">12m2<\/span>\n\t\t\t\t\t\t\t<\/div>\n\t\t\t\t\t<p itemprop=\"description\" class=\"qodef-e-excerpt\">Nasz elegancki i stylowo urz\u0105dzony pok\u00f3j to doskona\u0142y wyb\u00f3r dla podr\u00f3\u017cuj\u0105cych w pojedynk\u0119. Pok\u00f3j ten zapewni Pa\u0144stwu odpr\u0119\u017caj\u0105cy i spokojny sen po ca\u0142ym dniu.<\/p>\n\t\t\t\t<div class=\"qodef-e-button\">\n\t<a class=\"qodef-shortcode qodef-m  qodef-button qodef-layout--textual qodef-size--normal qodef-html--link\" href=\"https:\/\/diamentplazakatowice.pl\/pl\/pokoj\/pokoj-jednoosobowy-superior-classic\/\" target=\"_self\"  >\t<span class=\"qodef-m-text\">Zarezerwuj<\/span>\t<span class=\"qodef-m-plus\"><\/span><\/a>\t\t<\/div>\t\t<\/div>\n\t<\/div>\n<\/article><article class=\"qodef-e qodef-room-list-item qodef-grid-item qodef-item--large\" >\n\t<div class=\"qodef-e-inner\">\n\t\t<div class=\"qodef-e-media\">\n\t\t\t<div class=\"qodef-e-img-holder\">\n\t\t\t\t\t<div class=\"qodef-e-media-image\" data-swiper-parallax=\"27%\">\n\t\t<a itemprop=\"url\" href=\"https:\/\/diamentplazakatowice.pl\/pl\/pokoj\/pokoj-dwuosobowy-superior\/\">\n\t\t\t<img decoding=\"async\" width=\"1024\" height=\"683\" src=\"https:\/\/diamentplazakatowice.pl\/wp-content\/uploads\/superior-double-room-3-1024x683.jpg\" class=\"attachment-large size-large\" alt=\"\" srcset=\"https:\/\/diamentplazakatowice.pl\/wp-content\/uploads\/superior-double-room-3-1024x683.jpg 1024w, https:\/\/diamentplazakatowice.pl\/wp-content\/uploads\/superior-double-room-3-300x200.jpg 300w, https:\/\/diamentplazakatowice.pl\/wp-content\/uploads\/superior-double-room-3-768x512.jpg 768w, https:\/\/diamentplazakatowice.pl\/wp-content\/uploads\/superior-double-room-3-600x400.jpg 600w, https:\/\/diamentplazakatowice.pl\/wp-content\/uploads\/superior-double-room-3.jpg 1200w\" sizes=\"(max-width: 1024px) 100vw, 1024px\" \/>\t\t<\/a>\n\t<\/div>\n\t\t\t<\/div>\n\t\t<\/div>\n\t\t<div class=\"qodef-e-content\">\n\t\t\t<div class=\"qodef-e-heading\">\n\t\t\t\t<h4 itemprop=\"name\" class=\"qodef-e-title entry-title\" style=\"text-transform: capitalize\">\n\t<a itemprop=\"url\" href=\"https:\/\/diamentplazakatowice.pl\/pl\/pokoj\/pokoj-dwuosobowy-superior\/\">\n\t\tPok\u00f3j dwuosobowy Superior\t<\/a>\n<\/h4>\t\t\t\t\t<span class=\"qodef-e-price\">\n\t\t<span class=\"qodef-e-price-label\">from<\/span>\n\t\t<span class=\"qodef-e-price-value\">$1<\/span>\n\t<\/span>\n\t\t\t<\/div>\n\t\t\t<div class=\"qodef-e-info-items\">\n\t\t\t\t\t<span class=\"qodef-e-price\">\n\t\t<span class=\"qodef-e-price-label\">from<\/span>\n\t\t<span class=\"qodef-e-price-value\">$1<\/span>\n\t<\/span>\n\t\t\t\t\t<span class=\"qodef-e-room-size\">19m2<\/span>\n\t\t\t\t\t<span class=\"qodef-e-capacity\">1-2 osoby<\/span>\n\t\t\t<\/div>\n\t\t\t\t\t<p itemprop=\"description\" class=\"qodef-e-excerpt\">Poczuj uosobienie komfortu i relaksu w naszym elegancko zaprojektowanym pokoju dwuosobowym, kt\u00f3ry znajduje si\u0119 w nowo rozbudowanej cz\u0119\u015bci hotelu.<\/p>\n\t\t\t\t<div class=\"qodef-e-button\">\n\t<a class=\"qodef-shortcode qodef-m  qodef-button qodef-layout--textual qodef-size--normal qodef-html--link\" href=\"https:\/\/diamentplazakatowice.pl\/pl\/pokoj\/pokoj-dwuosobowy-superior\/\" target=\"_self\"  >\t<span class=\"qodef-m-text\">Zarezerwuj<\/span>\t<span class=\"qodef-m-plus\"><\/span><\/a>\t\t<\/div>\t\t<\/div>\n\t<\/div>\n<\/article><article class=\"qodef-e qodef-room-list-item qodef-grid-item qodef-item--large\" >\n\t<div class=\"qodef-e-inner\">\n\t\t<div class=\"qodef-e-media\">\n\t\t\t<div class=\"qodef-e-img-holder\">\n\t\t\t\t\t<div class=\"qodef-e-media-image\" data-swiper-parallax=\"27%\">\n\t\t<a itemprop=\"url\" href=\"https:\/\/diamentplazakatowice.pl\/pl\/pokoj\/pokoj-dwuosobowy-superior-classic\/\">\n\t\t\t<img decoding=\"async\" width=\"1024\" height=\"683\" src=\"https:\/\/diamentplazakatowice.pl\/wp-content\/uploads\/superior-classic-double-room-3.jpg\" class=\"attachment-large size-large\" alt=\"\" srcset=\"https:\/\/diamentplazakatowice.pl\/wp-content\/uploads\/superior-classic-double-room-3.jpg 1024w, https:\/\/diamentplazakatowice.pl\/wp-content\/uploads\/superior-classic-double-room-3-300x200.jpg 300w, https:\/\/diamentplazakatowice.pl\/wp-content\/uploads\/superior-classic-double-room-3-768x512.jpg 768w, https:\/\/diamentplazakatowice.pl\/wp-content\/uploads\/superior-classic-double-room-3-600x400.jpg 600w\" sizes=\"(max-width: 1024px) 100vw, 1024px\" \/>\t\t<\/a>\n\t<\/div>\n\t\t\t<\/div>\n\t\t<\/div>\n\t\t<div class=\"qodef-e-content\">\n\t\t\t<div class=\"qodef-e-heading\">\n\t\t\t\t<h4 itemprop=\"name\" class=\"qodef-e-title entry-title\" style=\"text-transform: capitalize\">\n\t<a itemprop=\"url\" href=\"https:\/\/diamentplazakatowice.pl\/pl\/pokoj\/pokoj-dwuosobowy-superior-classic\/\">\n\t\tPok\u00f3j dwuosobowy Superior Classic\t<\/a>\n<\/h4>\t\t\t\t\t<span class=\"qodef-e-price\">\n\t\t<span class=\"qodef-e-price-label\">from<\/span>\n\t\t<span class=\"qodef-e-price-value\">$1<\/span>\n\t<\/span>\n\t\t\t<\/div>\n\t\t\t<div class=\"qodef-e-info-items\">\n\t\t\t\t\t<span class=\"qodef-e-price\">\n\t\t<span class=\"qodef-e-price-label\">from<\/span>\n\t\t<span class=\"qodef-e-price-value\">$1<\/span>\n\t<\/span>\n\t\t\t\t\t<span class=\"qodef-e-room-size\">19m2<\/span>\n\t\t\t\t\t<span class=\"qodef-e-capacity\">1-2 osoby<\/span>\n\t\t\t<\/div>\n\t\t\t\t\t<p itemprop=\"description\" class=\"qodef-e-excerpt\">Ten luksusowy pok\u00f3j, mieszcz\u0105cy si\u0119 w zabytkowym skrzydle hotelu, jest prawdziwym uosobieniem wyrafinowanej elegancji i funkcjonalnego wystroju.<\/p>\n\t\t\t\t<div class=\"qodef-e-button\">\n\t<a class=\"qodef-shortcode qodef-m  qodef-button qodef-layout--textual qodef-size--normal qodef-html--link\" href=\"https:\/\/diamentplazakatowice.pl\/pl\/pokoj\/pokoj-dwuosobowy-superior-classic\/\" target=\"_self\"  >\t<span class=\"qodef-m-text\">Zarezerwuj<\/span>\t<span class=\"qodef-m-plus\"><\/span><\/a>\t\t<\/div>\t\t<\/div>\n\t<\/div>\n<\/article><article class=\"qodef-e qodef-room-list-item qodef-grid-item qodef-item--large\" >\n\t<div class=\"qodef-e-inner\">\n\t\t<div class=\"qodef-e-media\">\n\t\t\t<div class=\"qodef-e-img-holder\">\n\t\t\t\t\t<div class=\"qodef-e-media-image\" data-swiper-parallax=\"27%\">\n\t\t<a itemprop=\"url\" href=\"https:\/\/diamentplazakatowice.pl\/pl\/pokoj\/pokoj-dwuosobowy-deluxe\/\">\n\t\t\t<img loading=\"lazy\" decoding=\"async\" width=\"1024\" height=\"683\" src=\"https:\/\/diamentplazakatowice.pl\/wp-content\/uploads\/deluxe-double-room-5.jpg\" class=\"attachment-large size-large\" alt=\"\" srcset=\"https:\/\/diamentplazakatowice.pl\/wp-content\/uploads\/deluxe-double-room-5.jpg 1024w, https:\/\/diamentplazakatowice.pl\/wp-content\/uploads\/deluxe-double-room-5-300x200.jpg 300w, https:\/\/diamentplazakatowice.pl\/wp-content\/uploads\/deluxe-double-room-5-768x512.jpg 768w, https:\/\/diamentplazakatowice.pl\/wp-content\/uploads\/deluxe-double-room-5-600x400.jpg 600w\" sizes=\"(max-width: 1024px) 100vw, 1024px\" \/>\t\t<\/a>\n\t<\/div>\n\t\t\t<\/div>\n\t\t<\/div>\n\t\t<div class=\"qodef-e-content\">\n\t\t\t<div class=\"qodef-e-heading\">\n\t\t\t\t<h4 itemprop=\"name\" class=\"qodef-e-title entry-title\" style=\"text-transform: capitalize\">\n\t<a itemprop=\"url\" href=\"https:\/\/diamentplazakatowice.pl\/pl\/pokoj\/pokoj-dwuosobowy-deluxe\/\">\n\t\tPok\u00f3j Dwuosobowy Deluxe\t<\/a>\n<\/h4>\t\t\t\t\t<span class=\"qodef-e-price\">\n\t\t<span class=\"qodef-e-price-label\">from<\/span>\n\t\t<span class=\"qodef-e-price-value\">$1<\/span>\n\t<\/span>\n\t\t\t<\/div>\n\t\t\t<div class=\"qodef-e-info-items\">\n\t\t\t\t\t<span class=\"qodef-e-price\">\n\t\t<span class=\"qodef-e-price-label\">from<\/span>\n\t\t<span class=\"qodef-e-price-value\">$1<\/span>\n\t<\/span>\n\t\t\t\t\t<span class=\"qodef-e-room-size\">25m2<\/span>\n\t\t\t\t\t<span class=\"qodef-e-capacity\">1-2 osoby<\/span>\n\t\t\t<\/div>\n\t\t\t\t\t<p itemprop=\"description\" class=\"qodef-e-excerpt\">Niezale\u017cnie od tego, czy jeste\u015b tu w interesach, czy na relaksuj\u0105cy wypoczynek, pok\u00f3j typu deluxe zapowiada si\u0119 jako oaza spokoju i stylu.<\/p>\n\t\t\t\t<div class=\"qodef-e-button\">\n\t<a class=\"qodef-shortcode qodef-m  qodef-button qodef-layout--textual qodef-size--normal qodef-html--link\" href=\"https:\/\/diamentplazakatowice.pl\/pl\/pokoj\/pokoj-dwuosobowy-deluxe\/\" target=\"_self\"  >\t<span class=\"qodef-m-text\">Zarezerwuj<\/span>\t<span class=\"qodef-m-plus\"><\/span><\/a>\t\t<\/div>\t\t<\/div>\n\t<\/div>\n<\/article><article class=\"qodef-e qodef-room-list-item qodef-grid-item qodef-item--large\" >\n\t<div class=\"qodef-e-inner\">\n\t\t<div class=\"qodef-e-media\">\n\t\t\t<div class=\"qodef-e-img-holder\">\n\t\t\t\t\t<div class=\"qodef-e-media-image\" data-swiper-parallax=\"27%\">\n\t\t<a itemprop=\"url\" href=\"https:\/\/diamentplazakatowice.pl\/pl\/pokoj\/pokoj-dwuosobowy-deluxe-classic\/\">\n\t\t\t<img loading=\"lazy\" decoding=\"async\" width=\"1024\" height=\"683\" src=\"https:\/\/diamentplazakatowice.pl\/wp-content\/uploads\/deluxe-classic-double-room-1-1024x683.jpg\" class=\"attachment-large size-large\" alt=\"\" srcset=\"https:\/\/diamentplazakatowice.pl\/wp-content\/uploads\/deluxe-classic-double-room-1-1024x683.jpg 1024w, https:\/\/diamentplazakatowice.pl\/wp-content\/uploads\/deluxe-classic-double-room-1-300x200.jpg 300w, https:\/\/diamentplazakatowice.pl\/wp-content\/uploads\/deluxe-classic-double-room-1-768x512.jpg 768w, https:\/\/diamentplazakatowice.pl\/wp-content\/uploads\/deluxe-classic-double-room-1-600x400.jpg 600w, https:\/\/diamentplazakatowice.pl\/wp-content\/uploads\/deluxe-classic-double-room-1.jpg 1200w\" sizes=\"(max-width: 1024px) 100vw, 1024px\" \/>\t\t<\/a>\n\t<\/div>\n\t\t\t<\/div>\n\t\t<\/div>\n\t\t<div class=\"qodef-e-content\">\n\t\t\t<div class=\"qodef-e-heading\">\n\t\t\t\t<h4 itemprop=\"name\" class=\"qodef-e-title entry-title\" style=\"text-transform: capitalize\">\n\t<a itemprop=\"url\" href=\"https:\/\/diamentplazakatowice.pl\/pl\/pokoj\/pokoj-dwuosobowy-deluxe-classic\/\">\n\t\tPok\u00f3j Dwuosobowy Deluxe Classic\t<\/a>\n<\/h4>\t\t\t\t\t<span class=\"qodef-e-price\">\n\t\t<span class=\"qodef-e-price-label\">from<\/span>\n\t\t<span class=\"qodef-e-price-value\">$1<\/span>\n\t<\/span>\n\t\t\t<\/div>\n\t\t\t<div class=\"qodef-e-info-items\">\n\t\t\t\t\t<span class=\"qodef-e-price\">\n\t\t<span class=\"qodef-e-price-label\">from<\/span>\n\t\t<span class=\"qodef-e-price-value\">$1<\/span>\n\t<\/span>\n\t\t\t\t\t<span class=\"qodef-e-room-size\">25m2<\/span>\n\t\t\t\t\t<span class=\"qodef-e-capacity\">1-2 osoby<\/span>\n\t\t\t<\/div>\n\t\t\t\t\t<p itemprop=\"description\" class=\"qodef-e-excerpt\">Niezale\u017cnie od tego, czy jeste\u015b w mie\u015bcie w interesach, czy dla przyjemno\u015bci, pok\u00f3j Deluxe Classic zapewnia prawdziwie luksusowy pobyt.<\/p>\n\t\t\t\t<div class=\"qodef-e-button\">\n\t<a class=\"qodef-shortcode qodef-m  qodef-button qodef-layout--textual qodef-size--normal qodef-html--link\" href=\"https:\/\/diamentplazakatowice.pl\/pl\/pokoj\/pokoj-dwuosobowy-deluxe-classic\/\" target=\"_self\"  >\t<span class=\"qodef-m-text\">Zarezerwuj<\/span>\t<span class=\"qodef-m-plus\"><\/span><\/a>\t\t<\/div>\t\t<\/div>\n\t<\/div>\n<\/article><article class=\"qodef-e qodef-room-list-item qodef-grid-item qodef-item--large\" >\n\t<div class=\"qodef-e-inner\">\n\t\t<div class=\"qodef-e-media\">\n\t\t\t<div class=\"qodef-e-img-holder\">\n\t\t\t\t\t<div class=\"qodef-e-media-image\" data-swiper-parallax=\"27%\">\n\t\t<a itemprop=\"url\" href=\"https:\/\/diamentplazakatowice.pl\/pl\/pokoj\/apartament\/\">\n\t\t\t<img loading=\"lazy\" decoding=\"async\" width=\"1024\" height=\"683\" src=\"https:\/\/diamentplazakatowice.pl\/wp-content\/uploads\/apartament-3-1024x683.jpg\" class=\"attachment-large size-large\" alt=\"\" srcset=\"https:\/\/diamentplazakatowice.pl\/wp-content\/uploads\/apartament-3-1024x683.jpg 1024w, https:\/\/diamentplazakatowice.pl\/wp-content\/uploads\/apartament-3-300x200.jpg 300w, https:\/\/diamentplazakatowice.pl\/wp-content\/uploads\/apartament-3-768x512.jpg 768w, https:\/\/diamentplazakatowice.pl\/wp-content\/uploads\/apartament-3-600x400.jpg 600w, https:\/\/diamentplazakatowice.pl\/wp-content\/uploads\/apartament-3.jpg 1200w\" sizes=\"(max-width: 1024px) 100vw, 1024px\" \/>\t\t<\/a>\n\t<\/div>\n\t\t\t<\/div>\n\t\t<\/div>\n\t\t<div class=\"qodef-e-content\">\n\t\t\t<div class=\"qodef-e-heading\">\n\t\t\t\t<h4 itemprop=\"name\" class=\"qodef-e-title entry-title\" style=\"text-transform: capitalize\">\n\t<a itemprop=\"url\" href=\"https:\/\/diamentplazakatowice.pl\/pl\/pokoj\/apartament\/\">\n\t\tApartament\t<\/a>\n<\/h4>\t\t\t\t\t<span class=\"qodef-e-price\">\n\t\t<span class=\"qodef-e-price-label\">from<\/span>\n\t\t<span class=\"qodef-e-price-value\">$1<\/span>\n\t<\/span>\n\t\t\t<\/div>\n\t\t\t<div class=\"qodef-e-info-items\">\n\t\t\t\t\t<span class=\"qodef-e-price\">\n\t\t<span class=\"qodef-e-price-label\">from<\/span>\n\t\t<span class=\"qodef-e-price-value\">$1<\/span>\n\t<\/span>\n\t\t\t\t\t<span class=\"qodef-e-room-size\">44m2<\/span>\n\t\t\t\t\t<span class=\"qodef-e-capacity\">1-3 osoby<\/span>\n\t\t\t<\/div>\n\t\t\t\t\t<p itemprop=\"description\" class=\"qodef-e-excerpt\">Apartament jest prawdziw\u0105 oaz\u0105 luksusu i wyrafinowania, oferuj\u0105c ponad 40 metr\u00f3w kwadratowych bogatej przestrzeni.<\/p>\n\t\t\t\t<div class=\"qodef-e-button\">\n\t<a class=\"qodef-shortcode qodef-m  qodef-button qodef-layout--textual qodef-size--normal qodef-html--link\" href=\"https:\/\/diamentplazakatowice.pl\/pl\/pokoj\/apartament\/\" target=\"_self\"  >\t<span class=\"qodef-m-text\">Zarezerwuj<\/span>\t<span class=\"qodef-m-plus\"><\/span><\/a>\t\t<\/div>\t\t<\/div>\n\t<\/div>\n<\/article><article class=\"qodef-e qodef-room-list-item qodef-grid-item qodef-item--large\" >\n\t<div class=\"qodef-e-inner\">\n\t\t<div class=\"qodef-e-media\">\n\t\t\t<div class=\"qodef-e-img-holder\">\n\t\t\t\t\t<div class=\"qodef-e-media-image\" data-swiper-parallax=\"27%\">\n\t\t<a itemprop=\"url\" href=\"https:\/\/diamentplazakatowice.pl\/pl\/pokoj\/penthouse\/\">\n\t\t\t<img loading=\"lazy\" decoding=\"async\" width=\"800\" height=\"533\" src=\"https:\/\/diamentplazakatowice.pl\/wp-content\/uploads\/penthouse-1.jpg\" class=\"attachment-large size-large\" alt=\"\" srcset=\"https:\/\/diamentplazakatowice.pl\/wp-content\/uploads\/penthouse-1.jpg 800w, https:\/\/diamentplazakatowice.pl\/wp-content\/uploads\/penthouse-1-300x200.jpg 300w, https:\/\/diamentplazakatowice.pl\/wp-content\/uploads\/penthouse-1-768x512.jpg 768w, https:\/\/diamentplazakatowice.pl\/wp-content\/uploads\/penthouse-1-600x400.jpg 600w\" sizes=\"(max-width: 800px) 100vw, 800px\" \/>\t\t<\/a>\n\t<\/div>\n\t\t\t<\/div>\n\t\t<\/div>\n\t\t<div class=\"qodef-e-content\">\n\t\t\t<div class=\"qodef-e-heading\">\n\t\t\t\t<h4 itemprop=\"name\" class=\"qodef-e-title entry-title\" style=\"text-transform: capitalize\">\n\t<a itemprop=\"url\" href=\"https:\/\/diamentplazakatowice.pl\/pl\/pokoj\/penthouse\/\">\n\t\tPenthouse\t<\/a>\n<\/h4>\t\t\t\t\t\t\t<\/div>\n\t\t\t<div class=\"qodef-e-info-items\">\n\t\t\t\t\t\t\t\t\t<span class=\"qodef-e-room-size\">60m2<\/span>\n\t\t\t\t\t<span class=\"qodef-e-capacity\">1-4 osoby<\/span>\n\t\t\t<\/div>\n\t\t\t\t\t<p itemprop=\"description\" class=\"qodef-e-excerpt\">Idealny wyb\u00f3r dla go\u015bci szukaj\u0105cych luksusowego wypoczynku w sercu miasta.<\/p>\n\t\t\t\t<div class=\"qodef-e-button\">\n\t<a class=\"qodef-shortcode qodef-m  qodef-button qodef-layout--textual qodef-size--normal qodef-html--link\" href=\"https:\/\/diamentplazakatowice.pl\/pl\/pokoj\/penthouse\/\" target=\"_self\"  >\t<span class=\"qodef-m-text\">Zarezerwuj<\/span>\t<span class=\"qodef-m-plus\"><\/span><\/a>\t\t<\/div>\t\t<\/div>\n\t<\/div>\n<\/article>\t<\/div>\n\t<\/div>\t\t\t\t<\/div>\n\t\t\t\t<\/div>\n\t\t\t\t\t<\/div>\n\t\t<\/div>\n\t\t\t\t\t<\/div>\n\t\t<\/section>\n\t\t\t\t<\/div>\n\t\t","protected":false},"excerpt":{"rendered":"<p>Dzi\u0119ki rozbudowie hotel oferuje 135 nowoczesnych pokoi z 270 miejscami noclegowymi, kt\u00f3re zosta\u0142y wyposa\u017cone w najnowsze technologie umilaj\u0105ce go\u015bciom pobyt. Hotel posiada 5 spektakularnych apartament\u00f3w o powierzchni ponad 50 m2 ka\u017cdy. Cr\u00e8me de la cr\u00e8me stanowi unikatowy penthause o powierzchni 90 m2 z dodatkowym ponad 30-metrowym, wyposa\u017conym tarasem i widokiem na panoram\u0119 Katowic. Pok\u00f3j Jednoosobowy [&hellip;]<\/p>\n","protected":false},"author":5,"featured_media":0,"parent":0,"menu_order":0,"comment_status":"closed","ping_status":"closed","template":"","meta":{"_acf_changed":false,"footnotes":""},"class_list":["post-6052","page","type-page","status-publish","hentry"],"acf":[],"_links":{"self":[{"href":"https:\/\/diamentplazakatowice.pl\/pl\/wp-json\/wp\/v2\/pages\/6052","targetHints":{"allow":["GET"]}}],"collection":[{"href":"https:\/\/diamentplazakatowice.pl\/pl\/wp-json\/wp\/v2\/pages"}],"about":[{"href":"https:\/\/diamentplazakatowice.pl\/pl\/wp-json\/wp\/v2\/types\/page"}],"author":[{"embeddable":true,"href":"https:\/\/diamentplazakatowice.pl\/pl\/wp-json\/wp\/v2\/users\/5"}],"replies":[{"embeddable":true,"href":"https:\/\/diamentplazakatowice.pl\/pl\/wp-json\/wp\/v2\/comments?post=6052"}],"version-history":[{"count":7,"href":"https:\/\/diamentplazakatowice.pl\/pl\/wp-json\/wp\/v2\/pages\/6052\/revisions"}],"predecessor-version":[{"id":6175,"href":"https:\/\/diamentplazakatowice.pl\/pl\/wp-json\/wp\/v2\/pages\/6052\/revisions\/6175"}],"wp:attachment":[{"href":"https:\/\/diamentplazakatowice.pl\/pl\/wp-json\/wp\/v2\/media?parent=6052"}],"curies":[{"name":"wp","href":"https:\/\/api.w.org\/{rel}","templated":true}]}}